{"id":36121,"date":"2023-01-23T13:08:45","date_gmt":"2023-01-23T12:08:45","guid":{"rendered":"https:\/\/membrapure.de\/?page_id=36121"},"modified":"2024-04-24T18:24:07","modified_gmt":"2024-04-24T16:24:07","slug":"hartmann","status":"publish","type":"page","link":"https:\/\/membrapure.de\/de\/hartmann\/","title":{"rendered":"Hartmann"},"content":{"rendered":"<style>.elementor-36121 .elementor-element.elementor-element-55e8157 > .elementor-container{max-width:1080px;}.elementor-36121 .elementor-element.elementor-element-b58bd7e{text-align:center;}.elementor-36121 .elementor-element.elementor-element-55d014a{text-align:center;}.elementor-36121 .elementor-element.elementor-element-55d014a > .elementor-widget-container{padding:0px 0px 5px 0px;}.elementor-36121 .elementor-element.elementor-element-aa644e2{text-align:center;}.elementor-36121 .elementor-element.elementor-element-aa644e2 img{width:50%;max-width:50%;}.elementor-36121 .elementor-element.elementor-element-aa644e2 > .elementor-widget-container{padding:0px 0px 40px 0px;}.elementor-36121 .elementor-element.elementor-element-40fd605{text-align:center;}.elementor-36121 .elementor-element.elementor-element-5fe4719{text-align:center;}.elementor-36121 .elementor-element.elementor-element-823a7d9{text-align:center;}.elementor-36121 .elementor-element.elementor-element-8334164{text-align:start;}.elementor-36121 .elementor-element.elementor-element-e931784{text-align:center;}.elementor-36121 .elementor-element.elementor-element-18d6403{text-align:start;}.elementor-36121 .elementor-element.elementor-element-ecce3b6{text-align:center;}.elementor-36121 .elementor-element.elementor-element-ecce3b6 > .elementor-widget-container{margin:-5px 0px 5px 0px;}.elementor-36121 .elementor-element.elementor-element-a7683fc{text-align:start;}.elementor-36121 .elementor-element.elementor-element-a7683fc .elementor-heading-title{-webkit-text-stroke-color:#000;stroke:#000;}.elementor-36121 .elementor-element.elementor-element-0f11901 > .elementor-container{max-width:1170px;}.elementor-36121 .elementor-element.elementor-element-0f11901{padding:0px 0px 60px 0px;}<\/style>\t\t<div data-elementor-type=\"wp-page\" data-elementor-id=\"36121\" class=\"elementor elementor-36121 elementor-34892\" data-elementor-post-type=\"page\">\n\t\t\t\t\t\t<section class=\"elementor-section elementor-top-section elementor-element elementor-element-55e8157 elementor-section-boxed elementor-section-height-default elementor-section-height-default\" data-id=\"55e8157\" data-element_type=\"section\" data-e-type=\"section\">\n\t\t\t\t\t\t<div class=\"elementor-container elementor-column-gap-default\">\n\t\t\t\t\t<div class=\"elementor-column elementor-col-100 elementor-top-column elementor-element elementor-element-5e0668c\" data-id=\"5e0668c\" data-element_type=\"column\" data-e-type=\"column\">\n\t\t\t<div class=\"elementor-widget-wrap elementor-element-populated\">\n\t\t\t\t\t\t<div class=\"elementor-element elementor-element-b58bd7e elementor-widget elementor-widget-heading\" data-id=\"b58bd7e\" data-element_type=\"widget\" data-e-type=\"widget\" data-widget_type=\"heading.default\">\n\t\t\t\t<div class=\"elementor-widget-container\">\n\t\t\t\t\t<h1 class=\"elementor-heading-title elementor-size-default\">Hartmann GmbH<\/h1>\t\t\t\t<\/div>\n\t\t\t\t<\/div>\n\t\t\t\t<div class=\"elementor-element elementor-element-55d014a elementor-widget elementor-widget-text-editor\" data-id=\"55d014a\" data-element_type=\"widget\" data-e-type=\"widget\" data-widget_type=\"text-editor.default\">\n\t\t\t\t<div class=\"elementor-widget-container\">\n\t\t\t\t\t\t\t\t\t<p>Mit Beginn des Jahres 2022 hat sich die membraPure GmbH mit 51% an der Hartmann GmbH beteiligt. Mit dieser Beteiligung wurde eine Unternehmensgruppe mit zwei rechtlich selbst\u00e4ndigen GmbHs gebildet. Die beiden Unternehmen werden ihr Service- und Vertriebsnetz in Deutschland gemeinsam nutzen sowie Vertriebsb\u00fcros in den wichtigsten Regionen der Welt aufbauen. Durch die sich erg\u00e4nzenden Produkte entsteht ein komplettes Portfolio an Wasseraufbereitungsprodukten von deionisiertem bis zu Reinstwasser mit den dazugeh\u00f6rigen Analysatoren (TOC und IC) und Serviceleistungen (Kundendienst und Validierung), das somit einen klaren USP bietet.<\/p><p>Dar\u00fcber hinaus bleibt der medizinische Bereich von Hartmann ein wichtiger Gesch\u00e4ftsbereich, der die L\u00fccke zur Wasseraufbereitung im medizinischen Bereich schlie\u00dft. Die Allianz erm\u00f6glicht es, Synergien (z.B. k\u00fcrzere Wege, Skaleneffekte) in fast allen Bereichen zu realisieren und damit die Kunden noch umfassender und effizienter zu bedienen.<\/p>\t\t\t\t\t\t\t\t<\/div>\n\t\t\t\t<\/div>\n\t\t\t\t<div class=\"elementor-element elementor-element-aa644e2 elementor-widget elementor-widget-image\" data-id=\"aa644e2\" data-element_type=\"widget\" data-e-type=\"widget\" data-widget_type=\"image.default\">\n\t\t\t\t<div class=\"elementor-widget-container\">\n\t\t\t\t\t\t\t\t\t\t\t\t\t\t\t<img fetchpriority=\"high\" decoding=\"async\" width=\"768\" height=\"476\" src=\"https:\/\/membrapure.de\/wp-content\/smush-webp\/2022\/02\/IMG_4260-768x476.jpg.webp\" class=\"attachment-medium_large size-medium_large wp-image-34247\" alt=\"Group Image membraPure and Hartmann\" srcset=\"https:\/\/membrapure.de\/wp-content\/smush-webp\/2022\/02\/IMG_4260-768x476.jpg.webp 768w, https:\/\/membrapure.de\/wp-content\/smush-webp\/2022\/02\/IMG_4260-300x186.jpg.webp 300w, https:\/\/membrapure.de\/wp-content\/smush-webp\/2022\/02\/IMG_4260-1024x635.jpg.webp 1024w, https:\/\/membrapure.de\/wp-content\/uploads\/2022\/02\/IMG_4260.jpg 1200w\" sizes=\"(max-width: 768px) 100vw, 768px\" data-smush-webp-fallback=\"{&quot;src&quot;:&quot;https:\\\/\\\/membrapure.de\\\/wp-content\\\/uploads\\\/2022\\\/02\\\/IMG_4260-768x476.jpg&quot;,&quot;srcset&quot;:&quot;https:\\\/\\\/membrapure.de\\\/wp-content\\\/uploads\\\/2022\\\/02\\\/IMG_4260-768x476.jpg 768w, https:\\\/\\\/membrapure.de\\\/wp-content\\\/uploads\\\/2022\\\/02\\\/IMG_4260-300x186.jpg 300w, https:\\\/\\\/membrapure.de\\\/wp-content\\\/uploads\\\/2022\\\/02\\\/IMG_4260-1024x635.jpg 1024w, https:\\\/\\\/membrapure.de\\\/wp-content\\\/uploads\\\/2022\\\/02\\\/IMG_4260.jpg 1200w&quot;}\" \/>\t\t\t\t\t\t\t\t\t\t\t\t\t\t\t<\/div>\n\t\t\t\t<\/div>\n\t\t\t\t<div class=\"elementor-element elementor-element-40fd605 elementor-widget elementor-widget-heading\" data-id=\"40fd605\" data-element_type=\"widget\" data-e-type=\"widget\" data-widget_type=\"heading.default\">\n\t\t\t\t<div class=\"elementor-widget-container\">\n\t\t\t\t\t<h2 class=\"elementor-heading-title elementor-size-default\">Wasseraufbereitungssysteme von Hartmann<\/h2>\t\t\t\t<\/div>\n\t\t\t\t<\/div>\n\t\t\t\t<div class=\"elementor-element elementor-element-5fe4719 elementor-widget elementor-widget-text-editor\" data-id=\"5fe4719\" data-element_type=\"widget\" data-e-type=\"widget\" data-widget_type=\"text-editor.default\">\n\t\t\t\t<div class=\"elementor-widget-container\">\n\t\t\t\t\t\t\t\t\t<p>Die Wasseraufbereitungssysteme von Hartmann basieren auf der RO- und EDI-Technologie. Sie sind f\u00fcr Produktionsraten zwischen 50 und 500 l\/h aus enth\u00e4rtetem Wasser oder Trinkwasser ausgelegt. Die Produktwasserqualit\u00e4t hat eine Leitf\u00e4higkeit unter 15 \u00b5S\/cm f\u00fcr RO und unter 1 \u00b5S\/cm f\u00fcr EDI-Systeme.<\/p>\t\t\t\t\t\t\t\t<\/div>\n\t\t\t\t<\/div>\n\t\t\t\t\t<\/div>\n\t\t<\/div>\n\t\t\t\t\t<\/div>\n\t\t<\/section>\n\t\t\t\t<section class=\"elementor-section elementor-top-section elementor-element elementor-element-e95d515 elementor-section-boxed elementor-section-height-default elementor-section-height-default\" data-id=\"e95d515\" data-element_type=\"section\" data-e-type=\"section\">\n\t\t\t\t\t\t<div class=\"elementor-container elementor-column-gap-default\">\n\t\t\t\t\t<div class=\"elementor-column elementor-col-33 elementor-top-column elementor-element elementor-element-e20971d\" data-id=\"e20971d\" data-element_type=\"column\" data-e-type=\"column\">\n\t\t\t<div class=\"elementor-widget-wrap elementor-element-populated\">\n\t\t\t\t\t\t<div class=\"elementor-element elementor-element-823a7d9 elementor-widget elementor-widget-image\" data-id=\"823a7d9\" data-element_type=\"widget\" data-e-type=\"widget\" data-widget_type=\"image.default\">\n\t\t\t\t<div class=\"elementor-widget-container\">\n\t\t\t\t\t\t\t\t\t\t\t\t\t\t\t<img decoding=\"async\" width=\"768\" height=\"768\" data-src=\"https:\/\/membrapure.de\/wp-content\/smush-webp\/2023\/08\/800_haro-cube-large-vr-768x768.jpg.webp\" class=\"attachment-medium_large size-medium_large wp-image-36552 lazyload\" alt=\"haro-cube-large\" data-srcset=\"https:\/\/membrapure.de\/wp-content\/smush-webp\/2023\/08\/800_haro-cube-large-vr-768x768.jpg.webp 768w, https:\/\/membrapure.de\/wp-content\/smush-webp\/2023\/08\/800_haro-cube-large-vr-300x300.jpg.webp 300w, https:\/\/membrapure.de\/wp-content\/smush-webp\/2023\/08\/800_haro-cube-large-vr-150x150.jpg.webp 150w, https:\/\/membrapure.de\/wp-content\/uploads\/2023\/08\/800_haro-cube-large-vr.jpg 800w\" data-sizes=\"auto\" src=\"data:image\/svg+xml;base64,PHN2ZyB3aWR0aD0iMSIgaGVpZ2h0PSIxIiB4bWxucz0iaHR0cDovL3d3dy53My5vcmcvMjAwMC9zdmciPjwvc3ZnPg==\" style=\"--smush-placeholder-width: 768px; --smush-placeholder-aspect-ratio: 768\/768;\" data-original-sizes=\"(max-width: 768px) 100vw, 768px\" data-smush-webp-fallback=\"{&quot;data-src&quot;:&quot;https:\\\/\\\/membrapure.de\\\/wp-content\\\/uploads\\\/2023\\\/08\\\/800_haro-cube-large-vr-768x768.jpg&quot;,&quot;data-srcset&quot;:&quot;https:\\\/\\\/membrapure.de\\\/wp-content\\\/uploads\\\/2023\\\/08\\\/800_haro-cube-large-vr-768x768.jpg 768w, https:\\\/\\\/membrapure.de\\\/wp-content\\\/uploads\\\/2023\\\/08\\\/800_haro-cube-large-vr-300x300.jpg 300w, https:\\\/\\\/membrapure.de\\\/wp-content\\\/uploads\\\/2023\\\/08\\\/800_haro-cube-large-vr-150x150.jpg 150w, https:\\\/\\\/membrapure.de\\\/wp-content\\\/uploads\\\/2023\\\/08\\\/800_haro-cube-large-vr.jpg 800w&quot;}\" \/>\t\t\t\t\t\t\t\t\t\t\t\t\t\t\t<\/div>\n\t\t\t\t<\/div>\n\t\t\t\t<div class=\"elementor-element elementor-element-8334164 elementor-widget elementor-widget-heading\" data-id=\"8334164\" data-element_type=\"widget\" data-e-type=\"widget\" data-widget_type=\"heading.default\">\n\t\t\t\t<div class=\"elementor-widget-container\">\n\t\t\t\t\t<h3 class=\"elementor-heading-title elementor-size-default\">HA-RO cube large EH<\/h3>\t\t\t\t<\/div>\n\t\t\t\t<\/div>\n\t\t\t\t<div class=\"elementor-element elementor-element-aadc100 elementor-widget elementor-widget-text-editor\" data-id=\"aadc100\" data-element_type=\"widget\" data-e-type=\"widget\" data-widget_type=\"text-editor.default\">\n\t\t\t\t<div class=\"elementor-widget-container\">\n\t\t\t\t\t\t\t\t\t<p class=\"p1\">Wasseraufbereitung von Trinkwasser<\/p><ul class=\"ul1\"><li class=\"li1\">Permeate (RO): 120 L\/h<\/li><li class=\"li1\">Diluate (EDI): 120 L\/h<\/li><li class=\"li1\">Conductivity (RO): &lt; 15 \u00b5S\/cm<\/li><li class=\"li1\">Conductivity (EDI): &lt; 1 \u00b5S\/cm<\/li><\/ul>\t\t\t\t\t\t\t\t<\/div>\n\t\t\t\t<\/div>\n\t\t\t\t<div class=\"elementor-element elementor-element-9d6765f elementor-align-center elementor-widget elementor-widget-button\" data-id=\"9d6765f\" data-element_type=\"widget\" data-e-type=\"widget\" data-widget_type=\"button.default\">\n\t\t\t\t<div class=\"elementor-widget-container\">\n\t\t\t\t\t\t\t\t\t<div class=\"elementor-button-wrapper\">\n\t\t\t\t\t<a class=\"elementor-button elementor-button-link elementor-size-xs\" href=\"https:\/\/membrapure.de\/wp-content\/uploads\/2023\/08\/HA-RO_cube-large-EH-10112472-de.pdf\">\n\t\t\t\t\t\t<span class=\"elementor-button-content-wrapper\">\n\t\t\t\t\t\t\t\t\t<span class=\"elementor-button-text\">Datenblatt<\/span>\n\t\t\t\t\t<\/span>\n\t\t\t\t\t<\/a>\n\t\t\t\t<\/div>\n\t\t\t\t\t\t\t\t<\/div>\n\t\t\t\t<\/div>\n\t\t\t\t<div class=\"elementor-element elementor-element-b08a8cb elementor-align-center elementor-widget elementor-widget-button\" data-id=\"b08a8cb\" data-element_type=\"widget\" data-e-type=\"widget\" data-widget_type=\"button.default\">\n\t\t\t\t<div class=\"elementor-widget-container\">\n\t\t\t\t\t\t\t\t\t<div class=\"elementor-button-wrapper\">\n\t\t\t\t\t<a class=\"elementor-button elementor-button-link elementor-size-xs\" href=\"https:\/\/membrapure.de\/wp-content\/uploads\/2023\/08\/HA-RO_cube-large-EH-EDI-10112473-de.pdf\">\n\t\t\t\t\t\t<span class=\"elementor-button-content-wrapper\">\n\t\t\t\t\t\t\t\t\t<span class=\"elementor-button-text\">Datenblatt EDI<\/span>\n\t\t\t\t\t<\/span>\n\t\t\t\t\t<\/a>\n\t\t\t\t<\/div>\n\t\t\t\t\t\t\t\t<\/div>\n\t\t\t\t<\/div>\n\t\t\t\t\t<\/div>\n\t\t<\/div>\n\t\t\t\t<div class=\"elementor-column elementor-col-33 elementor-top-column elementor-element elementor-element-820dc95\" data-id=\"820dc95\" data-element_type=\"column\" data-e-type=\"column\">\n\t\t\t<div class=\"elementor-widget-wrap elementor-element-populated\">\n\t\t\t\t\t\t<div class=\"elementor-element elementor-element-e931784 elementor-widget elementor-widget-image\" data-id=\"e931784\" data-element_type=\"widget\" data-e-type=\"widget\" data-widget_type=\"image.default\">\n\t\t\t\t<div class=\"elementor-widget-container\">\n\t\t\t\t\t\t\t\t\t\t\t\t\t\t\t<img decoding=\"async\" width=\"250\" height=\"375\" data-src=\"https:\/\/membrapure.de\/wp-content\/uploads\/2022\/07\/haro_complete_vorn_links1-79894b38.webp\" class=\"attachment-medium_large size-medium_large wp-image-34901 lazyload\" alt=\"HA-RO complete\" data-srcset=\"https:\/\/membrapure.de\/wp-content\/uploads\/2022\/07\/haro_complete_vorn_links1-79894b38.webp 250w, https:\/\/membrapure.de\/wp-content\/uploads\/2022\/07\/haro_complete_vorn_links1-79894b38-200x300.webp 200w\" data-sizes=\"auto\" src=\"data:image\/svg+xml;base64,PHN2ZyB3aWR0aD0iMSIgaGVpZ2h0PSIxIiB4bWxucz0iaHR0cDovL3d3dy53My5vcmcvMjAwMC9zdmciPjwvc3ZnPg==\" style=\"--smush-placeholder-width: 250px; --smush-placeholder-aspect-ratio: 250\/375;\" data-original-sizes=\"(max-width: 250px) 100vw, 250px\" \/>\t\t\t\t\t\t\t\t\t\t\t\t\t\t\t<\/div>\n\t\t\t\t<\/div>\n\t\t\t\t<div class=\"elementor-element elementor-element-18d6403 elementor-widget elementor-widget-heading\" data-id=\"18d6403\" data-element_type=\"widget\" data-e-type=\"widget\" data-widget_type=\"heading.default\">\n\t\t\t\t<div class=\"elementor-widget-container\">\n\t\t\t\t\t<h3 class=\"elementor-heading-title elementor-size-default\">HA-RO complete &amp; HA-RO complete EDI<\/h3>\t\t\t\t<\/div>\n\t\t\t\t<\/div>\n\t\t\t\t<div class=\"elementor-element elementor-element-ae8c35d elementor-widget elementor-widget-text-editor\" data-id=\"ae8c35d\" data-element_type=\"widget\" data-e-type=\"widget\" data-widget_type=\"text-editor.default\">\n\t\t\t\t<div class=\"elementor-widget-container\">\n\t\t\t\t\t\t\t\t\t<p class=\"p1\">Wasseraufbereitung von Trinkwasser<\/p><ul class=\"ul1\"><li class=\"li1\"><span class=\"s1\">Permeate (RO): 80-500 L\/h<\/span><\/li><li class=\"li1\"><span class=\"s1\">Diluate (EDI): 50-450 L\/h<\/span><\/li><li class=\"li1\"><span class=\"s1\">Conductivity (RO): &lt; 15 \u00b5S\/cm<\/span><\/li><li class=\"li1\"><span class=\"s1\">Conductivity (EDI): &lt; 1 \u00b5S\/cm<\/span><\/li><\/ul>\t\t\t\t\t\t\t\t<\/div>\n\t\t\t\t<\/div>\n\t\t\t\t<div class=\"elementor-element elementor-element-3feaf21 elementor-align-center elementor-widget elementor-widget-button\" data-id=\"3feaf21\" data-element_type=\"widget\" data-e-type=\"widget\" data-widget_type=\"button.default\">\n\t\t\t\t<div class=\"elementor-widget-container\">\n\t\t\t\t\t\t\t\t\t<div class=\"elementor-button-wrapper\">\n\t\t\t\t\t<a class=\"elementor-button elementor-button-link elementor-size-xs\" href=\"https:\/\/membrapure.de\/wp-content\/uploads\/2022\/07\/HA-RO_complete_technicalData-eng.pdf\">\n\t\t\t\t\t\t<span class=\"elementor-button-content-wrapper\">\n\t\t\t\t\t\t\t\t\t<span class=\"elementor-button-text\">Datenblatt<\/span>\n\t\t\t\t\t<\/span>\n\t\t\t\t\t<\/a>\n\t\t\t\t<\/div>\n\t\t\t\t\t\t\t\t<\/div>\n\t\t\t\t<\/div>\n\t\t\t\t<div class=\"elementor-element elementor-element-5ec3247 elementor-align-center elementor-widget elementor-widget-button\" data-id=\"5ec3247\" data-element_type=\"widget\" data-e-type=\"widget\" data-widget_type=\"button.default\">\n\t\t\t\t<div class=\"elementor-widget-container\">\n\t\t\t\t\t\t\t\t\t<div class=\"elementor-button-wrapper\">\n\t\t\t\t\t<a class=\"elementor-button elementor-button-link elementor-size-xs\" href=\"https:\/\/membrapure.de\/wp-content\/uploads\/2022\/07\/HA-RO_complete_EDI_technicalData-eng.pdf\">\n\t\t\t\t\t\t<span class=\"elementor-button-content-wrapper\">\n\t\t\t\t\t\t\t\t\t<span class=\"elementor-button-text\">Datenblatt EDI<\/span>\n\t\t\t\t\t<\/span>\n\t\t\t\t\t<\/a>\n\t\t\t\t<\/div>\n\t\t\t\t\t\t\t\t<\/div>\n\t\t\t\t<\/div>\n\t\t\t\t\t<\/div>\n\t\t<\/div>\n\t\t\t\t<div class=\"elementor-column elementor-col-33 elementor-top-column elementor-element elementor-element-f966718\" data-id=\"f966718\" data-element_type=\"column\" data-e-type=\"column\">\n\t\t\t<div class=\"elementor-widget-wrap elementor-element-populated\">\n\t\t\t\t\t\t<div class=\"elementor-element elementor-element-ecce3b6 elementor-widget elementor-widget-image\" data-id=\"ecce3b6\" data-element_type=\"widget\" data-e-type=\"widget\" data-widget_type=\"image.default\">\n\t\t\t\t<div class=\"elementor-widget-container\">\n\t\t\t\t\t\t\t\t\t\t\t\t\t\t\t<img decoding=\"async\" width=\"250\" height=\"375\" data-src=\"https:\/\/membrapure.de\/wp-content\/uploads\/2022\/07\/haro_constrict_vorn_links1-409b92b3.webp\" class=\"attachment-medium_large size-medium_large wp-image-34899 lazyload\" alt=\"HA-Ro constrict\" data-srcset=\"https:\/\/membrapure.de\/wp-content\/uploads\/2022\/07\/haro_constrict_vorn_links1-409b92b3.webp 250w, https:\/\/membrapure.de\/wp-content\/uploads\/2022\/07\/haro_constrict_vorn_links1-409b92b3-200x300.webp 200w\" data-sizes=\"auto\" src=\"data:image\/svg+xml;base64,PHN2ZyB3aWR0aD0iMSIgaGVpZ2h0PSIxIiB4bWxucz0iaHR0cDovL3d3dy53My5vcmcvMjAwMC9zdmciPjwvc3ZnPg==\" style=\"--smush-placeholder-width: 250px; --smush-placeholder-aspect-ratio: 250\/375;\" data-original-sizes=\"(max-width: 250px) 100vw, 250px\" \/>\t\t\t\t\t\t\t\t\t\t\t\t\t\t\t<\/div>\n\t\t\t\t<\/div>\n\t\t\t\t<div class=\"elementor-element elementor-element-a7683fc elementor-widget elementor-widget-heading\" data-id=\"a7683fc\" data-element_type=\"widget\" data-e-type=\"widget\" data-widget_type=\"heading.default\">\n\t\t\t\t<div class=\"elementor-widget-container\">\n\t\t\t\t\t<h3 class=\"elementor-heading-title elementor-size-default\">HA-RO constrict &amp; HA-RO constrict EDI<\/h3>\t\t\t\t<\/div>\n\t\t\t\t<\/div>\n\t\t\t\t<div class=\"elementor-element elementor-element-7cd8114 elementor-widget elementor-widget-text-editor\" data-id=\"7cd8114\" data-element_type=\"widget\" data-e-type=\"widget\" data-widget_type=\"text-editor.default\">\n\t\t\t\t<div class=\"elementor-widget-container\">\n\t\t\t\t\t\t\t\t\t<p class=\"p1\">Wasseraufbereitung von Trinkwasser<\/p><ul class=\"ul1\"><li class=\"li1\"><span class=\"s1\">Permeate (RO): 80-500 L\/h<\/span><\/li><li class=\"li1\"><span class=\"s1\">Diluate (EDI): 50-450 L\/h<\/span><\/li><li class=\"li1\"><span class=\"s1\">Conductivity (RO): &lt; 15 \u00b5S\/cm<\/span><\/li><li class=\"li1\"><span class=\"s1\">Conductivity (EDI): &lt; 1 \u00b5S\/cm<\/span><\/li><\/ul>\t\t\t\t\t\t\t\t<\/div>\n\t\t\t\t<\/div>\n\t\t\t\t<div class=\"elementor-element elementor-element-3c14eac elementor-align-center elementor-widget elementor-widget-button\" data-id=\"3c14eac\" data-element_type=\"widget\" data-e-type=\"widget\" data-widget_type=\"button.default\">\n\t\t\t\t<div class=\"elementor-widget-container\">\n\t\t\t\t\t\t\t\t\t<div class=\"elementor-button-wrapper\">\n\t\t\t\t\t<a class=\"elementor-button elementor-button-link elementor-size-xs\" href=\"https:\/\/membrapure.de\/wp-content\/uploads\/2022\/07\/HA-RO_constrict_technicalData-eng.pdf\">\n\t\t\t\t\t\t<span class=\"elementor-button-content-wrapper\">\n\t\t\t\t\t\t\t\t\t<span class=\"elementor-button-text\">Datenblatt<\/span>\n\t\t\t\t\t<\/span>\n\t\t\t\t\t<\/a>\n\t\t\t\t<\/div>\n\t\t\t\t\t\t\t\t<\/div>\n\t\t\t\t<\/div>\n\t\t\t\t<div class=\"elementor-element elementor-element-b997d21 elementor-align-center elementor-widget elementor-widget-button\" data-id=\"b997d21\" data-element_type=\"widget\" data-e-type=\"widget\" data-widget_type=\"button.default\">\n\t\t\t\t<div class=\"elementor-widget-container\">\n\t\t\t\t\t\t\t\t\t<div class=\"elementor-button-wrapper\">\n\t\t\t\t\t<a class=\"elementor-button elementor-button-link elementor-size-xs\" href=\"https:\/\/membrapure.de\/wp-content\/uploads\/2022\/07\/HA-RO_constrict_EDI_technicalData-eng.pdf\">\n\t\t\t\t\t\t<span class=\"elementor-button-content-wrapper\">\n\t\t\t\t\t\t\t\t\t<span class=\"elementor-button-text\">Datenblatt EDI<\/span>\n\t\t\t\t\t<\/span>\n\t\t\t\t\t<\/a>\n\t\t\t\t<\/div>\n\t\t\t\t\t\t\t\t<\/div>\n\t\t\t\t<\/div>\n\t\t\t\t\t<\/div>\n\t\t<\/div>\n\t\t\t\t\t<\/div>\n\t\t<\/section>\n\t\t\t\t<section class=\"elementor-section elementor-top-section elementor-element elementor-element-0f11901 elementor-section-boxed elementor-section-height-default elementor-section-height-default\" data-id=\"0f11901\" data-element_type=\"section\" data-e-type=\"section\">\n\t\t\t\t\t\t<div class=\"elementor-container elementor-column-gap-default\">\n\t\t\t\t\t<div class=\"elementor-column elementor-col-25 elementor-top-column elementor-element elementor-element-047ea0a\" data-id=\"047ea0a\" data-element_type=\"column\" data-e-type=\"column\">\n\t\t\t<div class=\"elementor-widget-wrap\">\n\t\t\t\t\t\t\t<\/div>\n\t\t<\/div>\n\t\t\t\t<div class=\"elementor-column elementor-col-25 elementor-top-column elementor-element elementor-element-370855f\" data-id=\"370855f\" data-element_type=\"column\" data-e-type=\"column\">\n\t\t\t<div class=\"elementor-widget-wrap\">\n\t\t\t\t\t\t\t<\/div>\n\t\t<\/div>\n\t\t\t\t<div class=\"elementor-column elementor-col-25 elementor-top-column elementor-element elementor-element-19fc982\" data-id=\"19fc982\" data-element_type=\"column\" data-e-type=\"column\">\n\t\t\t<div class=\"elementor-widget-wrap\">\n\t\t\t\t\t\t\t<\/div>\n\t\t<\/div>\n\t\t\t\t<div class=\"elementor-column elementor-col-25 elementor-top-column elementor-element elementor-element-f1c511d\" data-id=\"f1c511d\" data-element_type=\"column\" data-e-type=\"column\">\n\t\t\t<div class=\"elementor-widget-wrap\">\n\t\t\t\t\t\t\t<\/div>\n\t\t<\/div>\n\t\t\t\t\t<\/div>\n\t\t<\/section>\n\t\t\t\t<\/div>\n\t\t","protected":false},"excerpt":{"rendered":"<p>Hartmann GmbH Mit Beginn des Jahres 2022 hat sich die membraPure GmbH mit 51% an der Hartmann GmbH beteiligt. Mit dieser Beteiligung wurde eine Unternehmensgruppe mit zwei rechtlich selbst\u00e4ndigen GmbHs gebildet. Die beiden Unternehmen werden ihr Service- und Vertriebsnetz in Deutschland gemeinsam nutzen sowie Vertriebsb\u00fcros in den wichtigsten Regionen der Welt aufbauen. Durch die sich [&hellip;]<\/p>\n","protected":false},"author":14,"featured_media":34247,"parent":0,"menu_order":0,"comment_status":"closed","ping_status":"closed","template":"","meta":{"footnotes":""},"class_list":["post-36121","page","type-page","status-publish","has-post-thumbnail","hentry"],"rttpg_featured_image_url":{"full":["https:\/\/membrapure.de\/wp-content\/uploads\/2022\/02\/IMG_4260.jpg",1200,744,false],"landscape":["https:\/\/membrapure.de\/wp-content\/uploads\/2022\/02\/IMG_4260.jpg",1200,744,false],"portraits":["https:\/\/membrapure.de\/wp-content\/uploads\/2022\/02\/IMG_4260.jpg",1200,744,false],"thumbnail":["https:\/\/membrapure.de\/wp-content\/uploads\/2022\/02\/IMG_4260-150x150.jpg",150,150,true],"medium":["https:\/\/membrapure.de\/wp-content\/uploads\/2022\/02\/IMG_4260-300x186.jpg",300,186,true],"large":["https:\/\/membrapure.de\/wp-content\/uploads\/2022\/02\/IMG_4260-1024x635.jpg",800,496,true],"1536x1536":["https:\/\/membrapure.de\/wp-content\/uploads\/2022\/02\/IMG_4260.jpg",1200,744,false],"2048x2048":["https:\/\/membrapure.de\/wp-content\/uploads\/2022\/02\/IMG_4260.jpg",1200,744,false],"woocommerce_thumbnail":["https:\/\/membrapure.de\/wp-content\/uploads\/2022\/02\/IMG_4260-300x300.jpg",300,300,true],"woocommerce_single":["https:\/\/membrapure.de\/wp-content\/uploads\/2022\/02\/IMG_4260.jpg",600,372,false],"woocommerce_gallery_thumbnail":["https:\/\/membrapure.de\/wp-content\/uploads\/2022\/02\/IMG_4260-100x100.jpg",100,100,true]},"rttpg_author":{"display_name":"Corinna Horn","author_link":"https:\/\/membrapure.de\/de\/author\/corinna\/"},"rttpg_comment":0,"rttpg_category":" <a href=\"https:\/\/membrapure.de\/de\/?taxonomy=translation_priority&#038;term=optional-de\" rel=\"tag\">Optional<\/a>","rttpg_excerpt":"Hartmann GmbH Mit Beginn des Jahres 2022 hat sich die membraPure GmbH mit 51% an der Hartmann GmbH beteiligt. Mit dieser Beteiligung wurde eine Unternehmensgruppe mit zwei rechtlich selbst\u00e4ndigen GmbHs gebildet. Die beiden Unternehmen werden ihr Service- und Vertriebsnetz in Deutschland gemeinsam nutzen sowie Vertriebsb\u00fcros in den wichtigsten Regionen der Welt aufbauen. Durch die sich&hellip;","_links":{"self":[{"href":"https:\/\/membrapure.de\/de\/wp-json\/wp\/v2\/pages\/36121","targetHints":{"allow":["GET"]}}],"collection":[{"href":"https:\/\/membrapure.de\/de\/wp-json\/wp\/v2\/pages"}],"about":[{"href":"https:\/\/membrapure.de\/de\/wp-json\/wp\/v2\/types\/page"}],"author":[{"embeddable":true,"href":"https:\/\/membrapure.de\/de\/wp-json\/wp\/v2\/users\/14"}],"replies":[{"embeddable":true,"href":"https:\/\/membrapure.de\/de\/wp-json\/wp\/v2\/comments?post=36121"}],"version-history":[{"count":0,"href":"https:\/\/membrapure.de\/de\/wp-json\/wp\/v2\/pages\/36121\/revisions"}],"wp:featuredmedia":[{"embeddable":true,"href":"https:\/\/membrapure.de\/de\/wp-json\/wp\/v2\/media\/34247"}],"wp:attachment":[{"href":"https:\/\/membrapure.de\/de\/wp-json\/wp\/v2\/media?parent=36121"}],"curies":[{"name":"wp","href":"https:\/\/api.w.org\/{rel}","templated":true}]}}