{"id":34924,"date":"2022-07-08T10:46:44","date_gmt":"2022-07-08T08:46:44","guid":{"rendered":"https:\/\/membrapure.de\/?page_id=34924"},"modified":"2023-10-23T18:48:06","modified_gmt":"2023-10-23T16:48:06","slug":"elektroaltgeraeteentsorgung","status":"publish","type":"page","link":"https:\/\/membrapure.de\/de\/elektroaltgeraeteentsorgung\/","title":{"rendered":"Elektroaltger\u00e4teentsorgung"},"content":{"rendered":"\t\t<div data-elementor-type=\"wp-page\" data-elementor-id=\"34924\" class=\"elementor elementor-34924\" data-elementor-post-type=\"page\">\n\t\t\t\t\t\t<section class=\"elementor-section elementor-top-section elementor-element elementor-element-3bdcb9c3 elementor-section-boxed elementor-section-height-default elementor-section-height-default\" data-id=\"3bdcb9c3\" data-element_type=\"section\" data-e-type=\"section\">\n\t\t\t\t\t\t<div class=\"elementor-container elementor-column-gap-default\">\n\t\t\t\t\t<div class=\"elementor-column elementor-col-100 elementor-top-column elementor-element elementor-element-3e0287c8\" data-id=\"3e0287c8\" data-element_type=\"column\" data-e-type=\"column\">\n\t\t\t<div class=\"elementor-widget-wrap elementor-element-populated\">\n\t\t\t\t\t\t<div class=\"elementor-element elementor-element-29067956 elementor-widget elementor-widget-heading\" data-id=\"29067956\" data-element_type=\"widget\" data-e-type=\"widget\" data-widget_type=\"heading.default\">\n\t\t\t\t<div class=\"elementor-widget-container\">\n\t\t\t\t\t<h1 class=\"elementor-heading-title elementor-size-default\">Elektroaltger\u00e4teentsorgung<\/h1>\t\t\t\t<\/div>\n\t\t\t\t<\/div>\n\t\t\t\t<div class=\"elementor-element elementor-element-1ce4a95 elementor-widget elementor-widget-text-editor\" data-id=\"1ce4a95\" data-element_type=\"widget\" data-e-type=\"widget\" data-widget_type=\"text-editor.default\">\n\t\t\t\t<div class=\"elementor-widget-container\">\n\t\t\t\t\t\t\t\t\t<p><strong>Hinweise zur Elektroaltger\u00e4teentsorgung<\/strong><\/p><p>Die membraPure GmbH u\u0308bernimmt die Verantwortung fu\u0308r ihre Produkte und fu\u0308hrt sie nach ihrer Nutzung einem hochwertigen Recyclingprozess zu. Fu\u0308r Gera\u0308te, die gewerblich oder in o\u0308ffentlichen Einrichtungen genutzt wurden &#8211; sogenannte B2B Gera\u0308te &#8211; haben wir bequeme Ru\u0308ckgabe- und Entsorgungslo\u0308sungen fu\u0308r Sie bereitgestellt.<\/p><p>Die membraPure GmbH u\u0308bernimmt dabei die Kosten fu\u0308r die Behandlung, das Recycling und die Verwertung von membraPure GmbH Produkten. Im Gegenzug bittet die membraPure GmbH seine Kunden, die Kosten fu\u0308r den Transport zu uns zu tragen.<\/p><p><strong>1. Mo\u0308glichkeit zur Ru\u0308ckgabe und Entsorgung von Altgera\u0308ten<\/strong><br \/>Sie mo\u0308chten ein von der membraPure GmbH gekauftes Elektrogera\u0308t der korrekten Entsorgung zufu\u0308hren. Hier haben Sie die Mo\u0308glichkeit, eine Spedition Ihrer Wahl oder einen entsprechenden Paketdienst zu beauftragen, um die Elektroaltgera\u0308te\/das Elektroaltgera\u0308t an folgende Adresse zu senden:<\/p><p>membraPure GmbH<br \/>Wolfgang-Kuentscher Str. 14<br \/>16761 Hennigsdorf<br \/>Deutschland<\/p><p>Wir w\u00fcrden Sie bitten vor dem Versand noch unseren Ansprechpartner Herr Sebastian Brauner per E-Mail recycling@membrapure.de oder telefonisch (+49) 3302 201 20 0 \u00fcber die R\u00fccksendung zu informieren. Alternativ k\u00f6nnen Sie Ihr Altger\u00e4t auch direkt bei uns abgeben.<\/p><p><strong>2. Kennzeichnung von Ger\u00e4ten mit R\u00fcckgabem\u00f6glichkeit<\/strong><\/p><p><img decoding=\"async\" class=\"alignnone size-full wp-image-34925 lazyload\" data-src=\"https:\/\/membrapure.de\/wp-content\/uploads\/2022\/07\/Entsorgung.png\" alt=\"\" width=\"200\" height=\"196\" src=\"data:image\/svg+xml;base64,PHN2ZyB3aWR0aD0iMSIgaGVpZ2h0PSIxIiB4bWxucz0iaHR0cDovL3d3dy53My5vcmcvMjAwMC9zdmciPjwvc3ZnPg==\" style=\"--smush-placeholder-width: 200px; --smush-placeholder-aspect-ratio: 200\/196;\" \/><br \/>Das Symbol der durchgestrichenen Abfalltonne auf Elektrogera\u0308ten weist auf eine separate Sammlung von Elektroaltgera\u0308ten hin und bedeutet, dass diese nicht in den Hausmu\u0308ll entsorgt werden du\u0308rfen.<\/p><p><strong>3. Entnahme von Batterien und Lampen<\/strong><br \/>Enthalten die Produkte Batterien und Akkus oder Lampen, die aus dem Altger\u00e4t zerst\u00f6rungsfrei und mit &#8222;handels\u00fcblichem Werkzeug\u201d zerst\u00f6rungsfrei und problemlos entnommen werden k\u00f6nnen, m\u00fcssen diese vor der Entsorgung entnommen werden und getrennt als Batterie bzw. Lampe entsorgt werden.<\/p><p><strong>4. Eigenverantwortung im Hinblick auf das Lo\u0308schen personenbezogener Daten<\/strong><br \/>Wir weisen ausdru\u0308cklich darauf hin, dass gema\u0308\u00df \u00a7 19a ElektroG etwaige personenbezogene Daten auf den zu entsorgenden Gera\u0308ten von Ihnen zu lo\u0308schen sind.<\/p><p><strong>5. WEEE-Registrierungsnummer<\/strong><br \/>Unter der Registrierungsnummer DE14696925 sind wir bei der Stiftung Elektro-Altger\u00e4te Register, Nordostpark 72, 90411 N\u00fcrnberg, als Hersteller von Elektro- und\/ oder Elektronikger\u00e4ten registriert.<\/p>\t\t\t\t\t\t\t\t<\/div>\n\t\t\t\t<\/div>\n\t\t\t\t\t<\/div>\n\t\t<\/div>\n\t\t\t\t\t<\/div>\n\t\t<\/section>\n\t\t\t\t<\/div>\n\t\t","protected":false},"excerpt":{"rendered":"<p>\t\t\t\t<![CDATA[]]>\t\t<\/p>\n","protected":false},"author":8,"featured_media":0,"parent":0,"menu_order":0,"comment_status":"closed","ping_status":"closed","template":"","meta":{"footnotes":""},"class_list":["post-34924","page","type-page","status-publish","hentry"],"rttpg_featured_image_url":null,"rttpg_author":{"display_name":"Damian Strohmaier","author_link":"https:\/\/membrapure.de\/de\/author\/damian\/"},"rttpg_comment":0,"rttpg_category":" <a href=\"https:\/\/membrapure.de\/de\/?taxonomy=translation_priority&#038;term=optional-de\" rel=\"tag\">Optional<\/a>","rttpg_excerpt":null,"_links":{"self":[{"href":"https:\/\/membrapure.de\/de\/wp-json\/wp\/v2\/pages\/34924","targetHints":{"allow":["GET"]}}],"collection":[{"href":"https:\/\/membrapure.de\/de\/wp-json\/wp\/v2\/pages"}],"about":[{"href":"https:\/\/membrapure.de\/de\/wp-json\/wp\/v2\/types\/page"}],"author":[{"embeddable":true,"href":"https:\/\/membrapure.de\/de\/wp-json\/wp\/v2\/users\/8"}],"replies":[{"embeddable":true,"href":"https:\/\/membrapure.de\/de\/wp-json\/wp\/v2\/comments?post=34924"}],"version-history":[{"count":0,"href":"https:\/\/membrapure.de\/de\/wp-json\/wp\/v2\/pages\/34924\/revisions"}],"wp:attachment":[{"href":"https:\/\/membrapure.de\/de\/wp-json\/wp\/v2\/media?parent=34924"}],"curies":[{"name":"wp","href":"https:\/\/api.w.org\/{rel}","templated":true}]}}