{"id":33248,"date":"2022-05-02T11:00:00","date_gmt":"2022-05-02T09:00:00","guid":{"rendered":"https:\/\/relaunch.membrapure.de\/?page_id=33248"},"modified":"2022-07-07T19:34:43","modified_gmt":"2022-07-07T17:34:43","slug":"allgemeine-geschaeftsbedingungen","status":"publish","type":"page","link":"https:\/\/membrapure.de\/de\/allgemeine-geschaeftsbedingungen\/","title":{"rendered":"Allgemeine Gesch\u00e4ftsbedingungen"},"content":{"rendered":"<style>.elementor-33248 .elementor-element.elementor-element-3d37f5b{margin-top:0px;margin-bottom:30px;}.elementor-33248 .elementor-element.elementor-element-2d28363d{text-align:center;}.elementor-33248 .elementor-element.elementor-element-2d28363d .elementor-heading-title{font-family:var( --e-global-typography-primary-font-family ), Sans-serif;font-weight:var( --e-global-typography-primary-font-weight );line-height:var( --e-global-typography-primary-line-height );-webkit-text-stroke-color:#000;stroke:#000;color:var( --e-global-color-primary );}.elementor-33248 .elementor-element.elementor-element-2d28363d > .elementor-widget-container{margin:0px 0px 020px 0px;}.elementor-33248 .elementor-element.elementor-element-6b05250e{text-align:start;font-family:\"Roboto\", Sans-serif;font-weight:400;line-height:1.5em;color:var( --e-global-color-text );}@media(max-width:1024px){.elementor-33248 .elementor-element.elementor-element-2d28363d .elementor-heading-title{line-height:var( --e-global-typography-primary-line-height );}}@media(max-width:767px){.elementor-33248 .elementor-element.elementor-element-2d28363d .elementor-heading-title{line-height:var( --e-global-typography-primary-line-height );}}\/* Start Custom Fonts CSS *\/@font-face {\n\tfont-family: 'Roboto';\n\tfont-style: normal;\n\tfont-weight: 400;\n\tfont-display: auto;\n\tsrc: url('https:\/\/membrapure.de\/wp-content\/uploads\/2022\/10\/Roboto-Regular.ttf') format('truetype');\n}\n@font-face {\n\tfont-family: 'Roboto';\n\tfont-style: normal;\n\tfont-weight: 600;\n\tfont-display: auto;\n\tsrc: url('https:\/\/membrapure.de\/wp-content\/uploads\/2022\/10\/Roboto-Bold.ttf') format('truetype');\n}\n@font-face {\n\tfont-family: 'Roboto';\n\tfont-style: normal;\n\tfont-weight: 900;\n\tfont-display: auto;\n\tsrc: url('https:\/\/membrapure.de\/wp-content\/uploads\/2022\/10\/Roboto-Black.ttf') format('truetype');\n}\n\/* End Custom Fonts CSS *\/<\/style>\t\t<div data-elementor-type=\"wp-page\" data-elementor-id=\"33248\" class=\"elementor elementor-33248 elementor-1982\" data-elementor-post-type=\"page\">\n\t\t\t\t\t\t<section class=\"elementor-section elementor-top-section elementor-element elementor-element-3d37f5b elementor-section-boxed elementor-section-height-default elementor-section-height-default\" data-id=\"3d37f5b\" data-element_type=\"section\" data-e-type=\"section\">\n\t\t\t\t\t\t<div class=\"elementor-container elementor-column-gap-default\">\n\t\t\t\t\t<div class=\"elementor-column elementor-col-100 elementor-top-column elementor-element elementor-element-119fdcb1\" data-id=\"119fdcb1\" data-element_type=\"column\" data-e-type=\"column\">\n\t\t\t<div class=\"elementor-widget-wrap elementor-element-populated\">\n\t\t\t\t\t\t<div class=\"elementor-element elementor-element-2d28363d elementor-widget elementor-widget-heading\" data-id=\"2d28363d\" data-element_type=\"widget\" data-e-type=\"widget\" data-widget_type=\"heading.default\">\n\t\t\t\t<div class=\"elementor-widget-container\">\n\t\t\t\t\t<h1 class=\"elementor-heading-title elementor-size-default\">Allgemeine Gesch\u00e4ftsbedingungen<\/h1>\t\t\t\t<\/div>\n\t\t\t\t<\/div>\n\t\t\t\t<div class=\"elementor-element elementor-element-6b05250e elementor-widget elementor-widget-text-editor\" data-id=\"6b05250e\" data-element_type=\"widget\" data-e-type=\"widget\" data-widget_type=\"text-editor.default\">\n\t\t\t\t<div class=\"elementor-widget-container\">\n\t\t\t\t\t\t\t\t\t<p><strong>1. Annahme<\/strong> &#8211; Mit der Erteilung dieses Auftrags durch den K\u00e4ufer kommt ein Vertrag zustande, der diesen Bedingungen unterliegt und durch diese ausdr\u00fccklich eingeschr\u00e4nkt wird. Die Annahme kann nur zu den genauen Bedingungen dieses Vertrages erfolgen, und wenn der K\u00e4ufer zus\u00e4tzliche oder andere Bedingungen vorschl\u00e4gt, stellt dies ein Gegenangebot dar. DIE BEDINGUNGEN DIESES VERTRAGS TRETEN AN DIE STELLE ALLER WIDERSPR\u00dcCHLICHEN BEDINGUNGEN, DIE IN DER BESTELLUNG DES K\u00c4UFERS ODER IN EINEM VOM K\u00c4UFER VORGELEGTEN DOKUMENT ODER INSTRUMENT ENTHALTEN SIND.<\/p><p><strong>2. Preise, Steuern und Zahlung<\/strong> &#8211; Alle Preise sind fest, sofern nichts anderes schriftlich vereinbart wurde. membraPure beh\u00e4lt sich das Recht vor, die Preise und Spezifikationen seiner Produkte jederzeit und ohne Vorank\u00fcndigung zu \u00e4ndern. Jegliche Steuern, Abgaben, Z\u00f6lle oder andere Geb\u00fchren jeglicher Art, die von einer Bundes-, Landes- oder lokalen Regierungsbeh\u00f6rde auf diese Transaktion erhoben werden, sind vom K\u00e4ufer zus\u00e4tzlich zu dem angegebenen oder in Rechnung gestellten Preis zu zahlen. Sollte membraPure verpflichtet sein, eine solche Steuer im Voraus zu zahlen, wird der K\u00e4ufer sie membraPure erstatten. Auf Rechnungen, die \u00fcber das Zahlungsziel hinaus ausstehen, werden Zinsen in H\u00f6he von 1 1\/2 % pro Monat (18 % pro Jahr) erhoben. Dar\u00fcber hinaus beh\u00e4lt sich membraPure das Recht vor, von K\u00e4ufern, deren Rechnungen l\u00e4nger als 60 Tage \u00fcberf\u00e4llig sind oder die ein unbefriedigendes Kredit- oder Zahlungsverhalten aufweisen, eine Zahlung per Nachnahme zu verlangen. membraPure kann auch den Verkauf an eine Person verweigern, bis die \u00fcberf\u00e4lligen Rechnungen vollst\u00e4ndig bezahlt sind.<\/p><p><strong>3. Lieferung und Versand<\/strong> &#8211; membraPure bem\u00fcht sich nach Kr\u00e4ften, die Produkte zu liefern bzw. die Dienstleistungen gem\u00e4\u00df dem gew\u00fcnschten Liefertermin zu erbringen, wobei membraPure keine Haftung f\u00fcr Verluste oder f\u00fcr allgemeine, besondere oder Folgesch\u00e4den \u00fcbernimmt, die sich aus Lieferverz\u00f6gerungen ergeben. Der Versand aller Produkte erfolgt ab Werk; die Kennzeichnung der Produkte erfolgt beim Verlassen des Betriebsgel\u00e4ndes von membraPure, wobei das Eigentum und die Gefahr des Verlustes auf den K\u00e4ufer \u00fcbergehen. Alle Versandkosten gehen zu Lasten des K\u00e4ufers und werden, sofern sie von membraPure vorausbezahlt wurden, an membraPure zur\u00fcckerstattet.<\/p><p><strong>4. Inspektion<\/strong> &#8211; Der K\u00e4ufer ist f\u00fcr die Inspektion aller im Rahmen dieses Vertrags versendeten Produkte vor der Abnahme verantwortlich, vorausgesetzt, dass die Produkte als vom K\u00e4ufer abgenommen gelten, wenn der K\u00e4ufer membraPure nicht innerhalb von 30 Tagen nach dem Versand an den K\u00e4ufer schriftlich \u00fcber die Ablehnung informiert hat.<\/p><p><strong>5. Standard-Garantie<\/strong> von membraPure &#8211; membraPure garantiert, dass die Produkte die jeweiligen ver\u00f6ffentlichten Spezifikationen erf\u00fcllen, wenn sie in \u00dcbereinstimmung mit den jeweiligen Anweisungen f\u00fcr einen Zeitraum von 12 Monaten ab dem Versand der Produkte verwendet werden. membraPure \u00fcbernimmt keine andere Garantie, weder ausdr\u00fccklich noch stillschweigend. ES GIBT KEINE GARANTIE F\u00dcR DIE MARKTG\u00c4NGIGKEIT ODER EIGNUNG F\u00dcR EINEN BESTIMMTEN ZWECK. Die hierin enthaltene Garantie sowie die Daten, Spezifikationen und Beschreibungen der membraPure Produkte, die in den von membraPure ver\u00f6ffentlichten Katalogen und Produktliteratur erscheinen, d\u00fcrfen nicht ge\u00e4ndert werden, es sei denn, es liegt eine ausdr\u00fcckliche schriftliche Vereinbarung vor, die von einem Vertreter von membraPure unterzeichnet wurde. M\u00fcndliche oder schriftliche Zusicherungen, die im Widerspruch zu dieser Garantie oder solchen Ver\u00f6ffentlichungen stehen, sind nicht autorisiert und sollten, falls sie gegeben werden, nicht als verl\u00e4sslich angesehen werden.<\/p><p>Im Falle eines Versto\u00dfes gegen die vorstehende Garantie besteht die einzige Verpflichtung von membraPure darin, das betreffende Produkt oder einen Teil davon nach eigenem Ermessen zu reparieren oder zu ersetzen, sofern der Kunde membraPure unverz\u00fcglich von einem solchen Versto\u00df in Kenntnis setzt. Wenn membraPure nach angemessenen Bem\u00fchungen nicht in der Lage ist, das Produkt oder den Teil zu reparieren oder zu ersetzen, erstattet membraPure dem Kunden alle f\u00fcr das betreffende Produkt oder den Teil gezahlten Betr\u00e4ge. membraPure haftet nicht f\u00fcr Folgesch\u00e4den, zuf\u00e4llige Sch\u00e4den, besondere Sch\u00e4den oder sonstige Sch\u00e4den, die einem Kunden durch die Nutzung seiner Produkte entstanden sind.<\/p><p>Eine Stornierung der Bestellung mehr als 3 Tage nach der Bestellung f\u00fchrt zu einer Bearbeitungsgeb\u00fchr von 14% des urspr\u00fcnglichen Bestellwertes.<\/p><p><strong>6. R\u00fccksendungen<\/strong> &#8211; Ohne ausdr\u00fcckliche vorherige Genehmigung von membraPure d\u00fcrfen keine Produkte, die im Rahmen dieses Vertrages versandt wurden, zur\u00fcckgesandt werden. Alle R\u00fccksendungen von Produkten unterliegen einer Wiedereinlagerungsgeb\u00fchr. Nach Ablauf von 60 Tagen nach Versand an den K\u00e4ufer werden keine R\u00fccksendungen mehr genehmigt.<\/p><p><strong>7. Technische Beratung<\/strong> &#8211; membraPure kann auf Wunsch des K\u00e4ufers technische Unterst\u00fctzung, Ratschl\u00e4ge und Informationen in Bezug auf die Produkte erteilen, wenn und soweit solche Ratschl\u00e4ge, Hilfestellungen und Informationen in angemessener Weise verf\u00fcgbar sind. Es wird ausdr\u00fccklich vereinbart, dass keine Verpflichtung zur Erteilung solcher Informationen besteht, die auf Risiko des K\u00e4ufers unentgeltlich und vorbehaltlich der in Absatz 5 oben aufgef\u00fchrten Haftungsausschl\u00fcsse erteilt werden.<\/p><p><strong>8. Vertreter, etc.<\/strong> &#8211; Kein Vertreter, Angestellter oder sonstiger Repr\u00e4sentant ist berechtigt, die f\u00fcr die Produkte geltende Standardgarantie von membraPure zu \u00e4ndern oder zu erweitern oder andere als die in der Produktliteratur von membraPure dargelegten Zusicherungen in Bezug auf die Produkte abzugeben, und der K\u00e4ufer darf sich nicht auf solche Zusicherungen, Erkl\u00e4rungen oder Garantien verlassen, wenn sie abgegeben werden, und sie sind nicht Bestandteil dieses Vertrags.<\/p><p><strong>9. Chancengleichheit bei der Besch\u00e4ftigung<\/strong> &#8211; membraPure ist ein Arbeitgeber, der die Chancengleichheit f\u00f6rdert. membraPure diskriminiert in keiner Phase des Besch\u00e4ftigungsprozesses eine Person aufgrund von Rasse, Hautfarbe, Religion, nationaler Herkunft, Geschlecht, Alter, Veteranen- oder Behindertenstatus. Die Gleichstellungsbescheinigung von membraPure, die allen Verk\u00e4ufern und Verk\u00e4ufern j\u00e4hrlich zugesandt wird, wird durch Bezugnahme in diesen Vertrag aufgenommen.<\/p><p><strong>10. \u00c4nderungen, Verzicht, Beendigung<\/strong> &#8211; Dieser Vertrag kann nur dann ge\u00e4ndert werden, und es kann nur dann auf eine Vertragsverletzung verzichtet werden, wenn eine schriftliche Erkl\u00e4rung vorliegt, die von der Partei unterzeichnet ist, gegen die der Vertrag durchgesetzt werden soll.<\/p><p><strong>11. Geltendes Recht<\/strong> &#8211; Dieser Vertrag unterliegt dem deutschen Recht (mit Ausnahme des Kollisionsrechts) und ist nach diesem auszulegen.<\/p><p><strong>12. Schiedsgerichtsbarkeit<\/strong> &#8211; Alle Streitigkeiten oder Meinungsverschiedenheiten, die sich aus diesem Vertrag oder aus dem Verkauf oder der Leistung der Produkte ergeben, werden durch ein endg\u00fcltiges und verbindliches Schiedsverfahren in London, England, in englischer Sprache entschieden. Das Schiedsverfahren wird nach den Regeln und unter der Schirmherrschaft des London Court of International Arbitration durchgef\u00fchrt. Ungeachtet anderslautender Bestimmungen in diesen Regeln sind die Schiedsrichter nicht befugt, eine Offenlegung anzuordnen; die Schiedsrichter werden solche Verfahren einhalten und solche Anordnungen treffen und die Anh\u00f6rung unter Bedingungen durchf\u00fchren, die f\u00fcr jede Partei mindestens das gleiche Ma\u00df an Vertraulichkeit gew\u00e4hrleisten, wie es f\u00fcr den Hersteller vorgesehen ist, und die die Teilnehmer angemessen vor der Offenlegung hochsensibler Informationen gegen\u00fcber anderen Personen als den Schiedsrichtern und Rechtsanw\u00e4lten (oder vergleichbaren Rechtsvertretern) und vern\u00fcnftigerweise erforderlichen Sachverst\u00e4ndigen sch\u00fctzen, und die Schiedsrichter werden vor der Anh\u00f6rung den Austausch von Beweisunterlagen, auf die sich jede der Parteien in ihren jeweiligen Hauptverfahren berufen wird, und den Austausch von Schrifts\u00e4tzen, Zeugenlisten und Zusammenfassungen der zu erwartenden Zeugenaussagen vor der Anh\u00f6rung verlangen. Die Schiedsrichter treffen ihre Entscheidung schriftlich; ihre Entscheidung ist f\u00fcr die Parteien verbindlich und kann von jedem zust\u00e4ndigen Gericht best\u00e4tigt werden.<\/p><p><strong>13. Informationen zur Online-Streitbeilegung<\/strong> Die Europ\u00e4ische Kommission stellt eine Plattform zur Online-Streitbeilegung (OS) zur Verf\u00fcgung, die Sie unter https:\/\/ec.europa.eu\/consumers\/odr\/ finden.<\/p><p>Wir sind bereit, an einem au\u00dfergerichtlichen Streitbeilegungsverfahren vor einer Verbraucherschlichtungsstelle teilzunehmen. Die zust\u00e4ndige Stelle ist die Allgemeine Verbraucherschlichtungsstelle des Zentrums f\u00fcr Schlichtung e.V., Stra\u00dfburger Stra\u00dfe 8, 77694 Kehl am Rhein, www.verbraucher-schlichter.de.<\/p>\t\t\t\t\t\t\t\t<\/div>\n\t\t\t\t<\/div>\n\t\t\t\t\t<\/div>\n\t\t<\/div>\n\t\t\t\t\t<\/div>\n\t\t<\/section>\n\t\t\t\t<\/div>\n\t\t","protected":false},"excerpt":{"rendered":"<p>Allgemeine Gesch\u00e4ftsbedingungen 1. Annahme &#8211; Mit der Erteilung dieses Auftrags durch den K\u00e4ufer kommt ein Vertrag zustande, der diesen Bedingungen unterliegt und durch diese ausdr\u00fccklich eingeschr\u00e4nkt wird. Die Annahme kann nur zu den genauen Bedingungen dieses Vertrages erfolgen, und wenn der K\u00e4ufer zus\u00e4tzliche oder andere Bedingungen vorschl\u00e4gt, stellt dies ein Gegenangebot dar. DIE BEDINGUNGEN DIESES [&hellip;]<\/p>\n","protected":false},"author":14,"featured_media":0,"parent":0,"menu_order":0,"comment_status":"closed","ping_status":"closed","template":"","meta":{"footnotes":""},"class_list":["post-33248","page","type-page","status-publish","hentry"],"rttpg_featured_image_url":null,"rttpg_author":{"display_name":"Corinna Horn","author_link":"https:\/\/membrapure.de\/de\/author\/corinna\/"},"rttpg_comment":0,"rttpg_category":" <a href=\"https:\/\/membrapure.de\/de\/?taxonomy=translation_priority&#038;term=optional-de\" rel=\"tag\">Optional<\/a>","rttpg_excerpt":"Allgemeine Gesch\u00e4ftsbedingungen 1. Annahme &#8211; Mit der Erteilung dieses Auftrags durch den K\u00e4ufer kommt ein Vertrag zustande, der diesen Bedingungen unterliegt und durch diese ausdr\u00fccklich eingeschr\u00e4nkt wird. Die Annahme kann nur zu den genauen Bedingungen dieses Vertrages erfolgen, und wenn der K\u00e4ufer zus\u00e4tzliche oder andere Bedingungen vorschl\u00e4gt, stellt dies ein Gegenangebot dar. DIE BEDINGUNGEN DIESES&hellip;","_links":{"self":[{"href":"https:\/\/membrapure.de\/de\/wp-json\/wp\/v2\/pages\/33248","targetHints":{"allow":["GET"]}}],"collection":[{"href":"https:\/\/membrapure.de\/de\/wp-json\/wp\/v2\/pages"}],"about":[{"href":"https:\/\/membrapure.de\/de\/wp-json\/wp\/v2\/types\/page"}],"author":[{"embeddable":true,"href":"https:\/\/membrapure.de\/de\/wp-json\/wp\/v2\/users\/14"}],"replies":[{"embeddable":true,"href":"https:\/\/membrapure.de\/de\/wp-json\/wp\/v2\/comments?post=33248"}],"version-history":[{"count":0,"href":"https:\/\/membrapure.de\/de\/wp-json\/wp\/v2\/pages\/33248\/revisions"}],"wp:attachment":[{"href":"https:\/\/membrapure.de\/de\/wp-json\/wp\/v2\/media?parent=33248"}],"curies":[{"name":"wp","href":"https:\/\/api.w.org\/{rel}","templated":true}]}}