{"id":33233,"date":"2022-04-29T14:38:40","date_gmt":"2022-04-29T12:38:40","guid":{"rendered":"https:\/\/relaunch.membrapure.de\/impressum\/"},"modified":"2024-05-27T07:39:50","modified_gmt":"2024-05-27T05:39:50","slug":"impressum","status":"publish","type":"page","link":"https:\/\/membrapure.de\/de\/impressum\/","title":{"rendered":"Impressum"},"content":{"rendered":"<style>.elementor-33233 .elementor-element.elementor-element-3bdcb9c3{margin-top:0px;margin-bottom:30px;}.elementor-33233 .elementor-element.elementor-element-29067956{text-align:center;}.elementor-33233 .elementor-element.elementor-element-29067956 .elementor-heading-title{font-family:var( --e-global-typography-primary-font-family ), Sans-serif;font-weight:var( --e-global-typography-primary-font-weight );line-height:var( --e-global-typography-primary-line-height );-webkit-text-stroke-color:#000;stroke:#000;color:var( --e-global-color-primary );}.elementor-33233 .elementor-element.elementor-element-29067956 > .elementor-widget-container{margin:0px 0px 020px 0px;}.elementor-33233 .elementor-element.elementor-element-1ce4a95{text-align:start;font-family:\"Roboto\", Sans-serif;font-weight:400;line-height:1.5em;color:var( --e-global-color-text );}@media(max-width:1024px){.elementor-33233 .elementor-element.elementor-element-29067956 .elementor-heading-title{line-height:var( --e-global-typography-primary-line-height );}}@media(max-width:767px){.elementor-33233 .elementor-element.elementor-element-29067956 .elementor-heading-title{line-height:var( --e-global-typography-primary-line-height );}}\/* Start Custom Fonts CSS *\/@font-face {\n\tfont-family: 'Roboto';\n\tfont-style: normal;\n\tfont-weight: 400;\n\tfont-display: auto;\n\tsrc: url('https:\/\/membrapure.de\/wp-content\/uploads\/2022\/10\/Roboto-Regular.ttf') format('truetype');\n}\n@font-face {\n\tfont-family: 'Roboto';\n\tfont-style: normal;\n\tfont-weight: 600;\n\tfont-display: auto;\n\tsrc: url('https:\/\/membrapure.de\/wp-content\/uploads\/2022\/10\/Roboto-Bold.ttf') format('truetype');\n}\n@font-face {\n\tfont-family: 'Roboto';\n\tfont-style: normal;\n\tfont-weight: 900;\n\tfont-display: auto;\n\tsrc: url('https:\/\/membrapure.de\/wp-content\/uploads\/2022\/10\/Roboto-Black.ttf') format('truetype');\n}\n\/* End Custom Fonts CSS *\/<\/style>\t\t<div data-elementor-type=\"wp-page\" data-elementor-id=\"33233\" class=\"elementor elementor-33233 elementor-2528\" data-elementor-post-type=\"page\">\n\t\t\t\t\t\t<section class=\"elementor-section elementor-top-section elementor-element elementor-element-3bdcb9c3 elementor-section-boxed elementor-section-height-default elementor-section-height-default\" data-id=\"3bdcb9c3\" data-element_type=\"section\" data-e-type=\"section\">\n\t\t\t\t\t\t<div class=\"elementor-container elementor-column-gap-default\">\n\t\t\t\t\t<div class=\"elementor-column elementor-col-100 elementor-top-column elementor-element elementor-element-3e0287c8\" data-id=\"3e0287c8\" data-element_type=\"column\" data-e-type=\"column\">\n\t\t\t<div class=\"elementor-widget-wrap elementor-element-populated\">\n\t\t\t\t\t\t<div class=\"elementor-element elementor-element-29067956 elementor-widget elementor-widget-heading\" data-id=\"29067956\" data-element_type=\"widget\" data-e-type=\"widget\" data-widget_type=\"heading.default\">\n\t\t\t\t<div class=\"elementor-widget-container\">\n\t\t\t\t\t<h1 class=\"elementor-heading-title elementor-size-default\">Impressum<\/h1>\t\t\t\t<\/div>\n\t\t\t\t<\/div>\n\t\t\t\t<div class=\"elementor-element elementor-element-1ce4a95 elementor-widget elementor-widget-text-editor\" data-id=\"1ce4a95\" data-element_type=\"widget\" data-e-type=\"widget\" data-widget_type=\"text-editor.default\">\n\t\t\t\t<div class=\"elementor-widget-container\">\n\t\t\t\t\t\t\t\t\t<strong>membraPure GmbH\n<\/strong>Wolfgang-K\u00fcntscher-Str. 14\n16761 Hennigsdorf \/ Berlin\nTel.: +49 3302 \/ 201 20 0\nFax: +49 3302 \/ 201 20 21\nTechnischer Service: +49 3302 \/ 201 20 20\n\nE-Mail: <a href=\"mailto:sales@membrapure.de\">sales@membrapure.de<\/a>\n\n<strong>Gesch\u00e4ftsf\u00fchrer<\/strong>\nDr. Erdmann Flindt\n\n<strong>Registergericht:<\/strong>\nAmtsgericht Neuruppin\n\n<strong>Handelsregister: <\/strong>HRB 9604NP\n<strong>WEEE-Reg.-Nr.:<\/strong> DE 14696925\n\n<strong>Umsatzsteuer-Identifikationsnummer:<\/strong>\nDE 160260388\n\n<strong>Informationen gem\u00e4\u00df \u00a7 5 TMG, \u00a7 55 Abs. 2 RStV<\/strong>\nDr. Erdmann Flindt\n\n<strong>Verantwortlichkeit f\u00fcr den Inhalt<\/strong>\nDie Inhalte unserer Seiten wurden mit gr\u00f6\u00dfter Sorgfalt erstellt. F\u00fcr die Richtigkeit, Vollst\u00e4ndigkeit und Aktualit\u00e4t der Inhalte k\u00f6nnen wir jedoch keine Gew\u00e4hr \u00fcbernehmen. Gem\u00e4\u00df den gesetzlichen Bestimmungen sind wir dar\u00fcber hinaus f\u00fcr eigene Inhalte auf diesen Seiten verantwortlich. Wir weisen in diesem Zusammenhang darauf hin, dass wir nicht verpflichtet sind, lediglich die \u00fcbermittelten oder gespeicherten Informationen Dritter zu \u00fcberwachen oder nach Umst\u00e4nden zu forschen, die auf eine rechtswidrige T\u00e4tigkeit hinweisen. Verpflichtungen zur Entfernung oder Sperrung der Nutzung von Informationen nach den allgemeinen Gesetzen bleiben nach den \u00a7\u00a7 8 bis 10 TMG hiervon unber\u00fchrt.\n\n<strong>Verantwortlichkeit f\u00fcr Links<\/strong>\nF\u00fcr den Inhalt externer Links (zu Webseiten Dritter) sind ausschlie\u00dflich deren Betreiber verantwortlich. Zum Zeitpunkt der Verlinkung waren f\u00fcr uns keine Verst\u00f6\u00dfe erkennbar. Bei Bekanntwerden von Rechtsverletzungen werden wir derartige Links umgehend entfernen.\n\n<strong>Copyright<\/strong>\nUnsere Webseiten und deren Inhalte unterliegen dem deutschen Urheberrecht. Jede Form der Verwertung, Vervielf\u00e4ltigung oder Bearbeitung von urheberrechtlich gesch\u00fctzten Werken auf unseren Webseiten bedarf, soweit nicht ausdr\u00fccklich gesetzlich erlaubt (\u00a7 44a ff. UrhG), der vorherigen Zustimmung des jeweiligen Rechteinhabers. Einzelne Vervielf\u00e4ltigungen eines Werkes sind nur f\u00fcr den privaten Gebrauch erlaubt, d\u00fcrfen also weder direkt noch indirekt der Gewinnerzielung dienen. Die unerlaubte Verwertung von urheberrechtlich gesch\u00fctzten Werken ist strafbar (\u00a7 106 des Urheberrechtsgesetzes).\n\nQuelle: twiggs translations \u00dcbersetzungsb\u00fcro\t\t\t\t\t\t\t\t<\/div>\n\t\t\t\t<\/div>\n\t\t\t\t\t<\/div>\n\t\t<\/div>\n\t\t\t\t\t<\/div>\n\t\t<\/section>\n\t\t\t\t<\/div>\n\t\t","protected":false},"excerpt":{"rendered":"<p>\t\t\t\t<![CDATA[]]>\t\t<\/p>\n","protected":false},"author":8,"featured_media":0,"parent":0,"menu_order":0,"comment_status":"closed","ping_status":"closed","template":"","meta":{"footnotes":""},"class_list":["post-33233","page","type-page","status-publish","hentry"],"rttpg_featured_image_url":null,"rttpg_author":{"display_name":"Damian Strohmaier","author_link":"https:\/\/membrapure.de\/de\/author\/damian\/"},"rttpg_comment":0,"rttpg_category":" <a href=\"https:\/\/membrapure.de\/de\/?taxonomy=translation_priority&#038;term=optional-de\" rel=\"tag\">Optional<\/a>","rttpg_excerpt":null,"_links":{"self":[{"href":"https:\/\/membrapure.de\/de\/wp-json\/wp\/v2\/pages\/33233","targetHints":{"allow":["GET"]}}],"collection":[{"href":"https:\/\/membrapure.de\/de\/wp-json\/wp\/v2\/pages"}],"about":[{"href":"https:\/\/membrapure.de\/de\/wp-json\/wp\/v2\/types\/page"}],"author":[{"embeddable":true,"href":"https:\/\/membrapure.de\/de\/wp-json\/wp\/v2\/users\/8"}],"replies":[{"embeddable":true,"href":"https:\/\/membrapure.de\/de\/wp-json\/wp\/v2\/comments?post=33233"}],"version-history":[{"count":0,"href":"https:\/\/membrapure.de\/de\/wp-json\/wp\/v2\/pages\/33233\/revisions"}],"wp:attachment":[{"href":"https:\/\/membrapure.de\/de\/wp-json\/wp\/v2\/media?parent=33233"}],"curies":[{"name":"wp","href":"https:\/\/api.w.org\/{rel}","templated":true}]}}