{"id":32331,"date":"2022-04-04T15:19:37","date_gmt":"2022-04-04T13:19:37","guid":{"rendered":"https:\/\/relaunch.membrapure.de\/services\/wartung\/"},"modified":"2022-07-21T19:20:29","modified_gmt":"2022-07-21T17:20:29","slug":"wartung","status":"publish","type":"page","link":"https:\/\/membrapure.de\/de\/services\/wartung\/","title":{"rendered":"Wartung"},"content":{"rendered":"<style>.elementor-32331 .elementor-element.elementor-element-7df06983{text-align:start;}.elementor-32331 .elementor-element.elementor-element-3a58c5d8 .elementor-icon-list-items:not(.elementor-inline-items) .elementor-icon-list-item:not(:last-child){padding-block-end:calc(10px\/2);}.elementor-32331 .elementor-element.elementor-element-3a58c5d8 .elementor-icon-list-items:not(.elementor-inline-items) .elementor-icon-list-item:not(:first-child){margin-block-start:calc(10px\/2);}.elementor-32331 .elementor-element.elementor-element-3a58c5d8 .elementor-icon-list-items.elementor-inline-items .elementor-icon-list-item{margin-inline:calc(10px\/2);}.elementor-32331 .elementor-element.elementor-element-3a58c5d8 .elementor-icon-list-items.elementor-inline-items{margin-inline:calc(-10px\/2);}.elementor-32331 .elementor-element.elementor-element-3a58c5d8 .elementor-icon-list-items.elementor-inline-items .elementor-icon-list-item:after{inset-inline-end:calc(-10px\/2);}.elementor-32331 .elementor-element.elementor-element-3a58c5d8 .elementor-icon-list-icon i{color:var( --e-global-color-secondary );transition:color 0.3s;}.elementor-32331 .elementor-element.elementor-element-3a58c5d8 .elementor-icon-list-icon svg{fill:var( --e-global-color-secondary );transition:fill 0.3s;}.elementor-32331 .elementor-element.elementor-element-3a58c5d8{--e-icon-list-icon-size:14px;--icon-vertical-offset:0px;}.elementor-32331 .elementor-element.elementor-element-3a58c5d8 .elementor-icon-list-text{transition:color 0.3s;}.elementor-32331 .elementor-element.elementor-element-5e4c74e3{margin-top:30px;margin-bottom:50px;}.elementor-32331 .elementor-element.elementor-element-7802f5f{text-align:start;}.elementor-32331 .elementor-element.elementor-element-166cdbaa > .elementor-widget-container{padding:30px 30px 30px 30px;background-color:var( --e-global-color-a0b3598 );border-radius:10px 10px 10px 10px;box-shadow:0px 0px 10px 0px rgba(206.7000274658203, 206.7000274658203, 206.7000274658203, 0.5);}@media(min-width:768px){.elementor-32331 .elementor-element.elementor-element-55e944e0{width:29.957%;}.elementor-32331 .elementor-element.elementor-element-2238ccdc{width:70.043%;}}<\/style>\t\t<div data-elementor-type=\"wp-page\" data-elementor-id=\"32331\" class=\"elementor elementor-32331 elementor-32060\" data-elementor-post-type=\"page\">\n\t\t\t\t\t\t<section class=\"elementor-section elementor-top-section elementor-element elementor-element-384e306a elementor-section-boxed elementor-section-height-default elementor-section-height-default\" data-id=\"384e306a\" data-element_type=\"section\" data-e-type=\"section\">\n\t\t\t\t\t\t<div class=\"elementor-container elementor-column-gap-default\">\n\t\t\t\t\t<div class=\"elementor-column elementor-col-50 elementor-top-column elementor-element elementor-element-55e944e0\" data-id=\"55e944e0\" data-element_type=\"column\" data-e-type=\"column\">\n\t\t\t<div class=\"elementor-widget-wrap elementor-element-populated\">\n\t\t\t\t\t\t<div class=\"elementor-element elementor-element-7df06983 elementor-widget elementor-widget-image\" data-id=\"7df06983\" data-element_type=\"widget\" data-e-type=\"widget\" data-widget_type=\"image.default\">\n\t\t\t\t<div class=\"elementor-widget-container\">\n\t\t\t\t\t\t\t\t\t\t\t\t\t\t\t<img fetchpriority=\"high\" decoding=\"async\" width=\"445\" height=\"475\" src=\"https:\/\/membrapure.de\/wp-content\/uploads\/2019\/05\/mP-bildquer-service2.jpg\" class=\"attachment-full size-full wp-image-6663\" alt=\"\" srcset=\"https:\/\/membrapure.de\/wp-content\/uploads\/2019\/05\/mP-bildquer-service2.jpg 445w, https:\/\/membrapure.de\/wp-content\/smush-webp\/2019\/05\/mP-bildquer-service2-281x300.jpg.webp 281w\" sizes=\"(max-width: 445px) 100vw, 445px\" data-smush-webp-fallback=\"{&quot;srcset&quot;:&quot;https:\\\/\\\/membrapure.de\\\/wp-content\\\/uploads\\\/2019\\\/05\\\/mP-bildquer-service2.jpg 445w, https:\\\/\\\/membrapure.de\\\/wp-content\\\/uploads\\\/2019\\\/05\\\/mP-bildquer-service2-281x300.jpg 281w&quot;}\" \/>\t\t\t\t\t\t\t\t\t\t\t\t\t\t\t<\/div>\n\t\t\t\t<\/div>\n\t\t\t\t\t<\/div>\n\t\t<\/div>\n\t\t\t\t<div class=\"elementor-column elementor-col-50 elementor-top-column elementor-element elementor-element-2238ccdc\" data-id=\"2238ccdc\" data-element_type=\"column\" data-e-type=\"column\">\n\t\t\t<div class=\"elementor-widget-wrap elementor-element-populated\">\n\t\t\t\t\t\t<div class=\"elementor-element elementor-element-2f80ec86 elementor-widget elementor-widget-heading\" data-id=\"2f80ec86\" data-element_type=\"widget\" data-e-type=\"widget\" data-widget_type=\"heading.default\">\n\t\t\t\t<div class=\"elementor-widget-container\">\n\t\t\t\t\t<h1 class=\"elementor-heading-title elementor-size-default\">Unser Serviceteam steht Ihnen f\u00fcr alle Servicefragen zur Verf\u00fcgung.<\/h1>\t\t\t\t<\/div>\n\t\t\t\t<\/div>\n\t\t\t\t<div class=\"elementor-element elementor-element-17e6b3f2 elementor-widget elementor-widget-text-editor\" data-id=\"17e6b3f2\" data-element_type=\"widget\" data-e-type=\"widget\" data-widget_type=\"text-editor.default\">\n\t\t\t\t<div class=\"elementor-widget-container\">\n\t\t\t\t\t\t\t\t\tUnsere Dienstleistungen sorgen daf\u00fcr, dass Ihre Systeme jederzeit reibungslos funktionieren. Wir bieten auch Wartung und Reparatur an. Unser Dienstleistungsangebot umfasst:\t\t\t\t\t\t\t\t<\/div>\n\t\t\t\t<\/div>\n\t\t\t\t<div class=\"elementor-element elementor-element-3a58c5d8 elementor-icon-list--layout-traditional elementor-list-item-link-full_width elementor-widget elementor-widget-icon-list\" data-id=\"3a58c5d8\" data-element_type=\"widget\" data-e-type=\"widget\" data-widget_type=\"icon-list.default\">\n\t\t\t\t<div class=\"elementor-widget-container\">\n\t\t\t\t\t\t\t<ul class=\"elementor-icon-list-items\">\n\t\t\t\t\t\t\t<li class=\"elementor-icon-list-item\">\n\t\t\t\t\t\t\t\t\t\t\t<span class=\"elementor-icon-list-icon\">\n\t\t\t\t\t\t\t<i aria-hidden=\"true\" class=\"fas fa-check\"><\/i>\t\t\t\t\t\t<\/span>\n\t\t\t\t\t\t\t\t\t\t<span class=\"elementor-icon-list-text\">Wartung und Reparatur aller Systeme (auch anderer Marken)<\/span>\n\t\t\t\t\t\t\t\t\t<\/li>\n\t\t\t\t\t\t\t\t<li class=\"elementor-icon-list-item\">\n\t\t\t\t\t\t\t\t\t\t\t<span class=\"elementor-icon-list-icon\">\n\t\t\t\t\t\t\t<i aria-hidden=\"true\" class=\"fas fa-check\"><\/i>\t\t\t\t\t\t<\/span>\n\t\t\t\t\t\t\t\t\t\t<span class=\"elementor-icon-list-text\">Desinfektion von zentralen und dezentralen Wasseraufbereitungsanlagen<\/span>\n\t\t\t\t\t\t\t\t\t<\/li>\n\t\t\t\t\t\t\t\t<li class=\"elementor-icon-list-item\">\n\t\t\t\t\t\t\t\t\t\t\t<span class=\"elementor-icon-list-icon\">\n\t\t\t\t\t\t\t<i aria-hidden=\"true\" class=\"fas fa-check\"><\/i>\t\t\t\t\t\t<\/span>\n\t\t\t\t\t\t\t\t\t\t<span class=\"elementor-icon-list-text\">Unterst\u00fctzung bei der IQ\/OQ-Validierung<\/span>\n\t\t\t\t\t\t\t\t\t<\/li>\n\t\t\t\t\t\t\t\t<li class=\"elementor-icon-list-item\">\n\t\t\t\t\t\t\t\t\t\t\t<span class=\"elementor-icon-list-icon\">\n\t\t\t\t\t\t\t<i aria-hidden=\"true\" class=\"fas fa-check\"><\/i>\t\t\t\t\t\t<\/span>\n\t\t\t\t\t\t\t\t\t\t<span class=\"elementor-icon-list-text\">Qualifizierung der Systemparameter und Rekalibrierung<\/span>\n\t\t\t\t\t\t\t\t\t<\/li>\n\t\t\t\t\t\t<\/ul>\n\t\t\t\t\t\t<\/div>\n\t\t\t\t<\/div>\n\t\t\t\t\t<\/div>\n\t\t<\/div>\n\t\t\t\t\t<\/div>\n\t\t<\/section>\n\t\t\t\t<section class=\"elementor-section elementor-top-section elementor-element elementor-element-5e4c74e3 elementor-section-boxed elementor-section-height-default elementor-section-height-default\" data-id=\"5e4c74e3\" data-element_type=\"section\" data-e-type=\"section\">\n\t\t\t\t\t\t<div class=\"elementor-container elementor-column-gap-default\">\n\t\t\t\t\t<div class=\"elementor-column elementor-col-50 elementor-top-column elementor-element elementor-element-2345f2a4\" data-id=\"2345f2a4\" data-element_type=\"column\" data-e-type=\"column\">\n\t\t\t<div class=\"elementor-widget-wrap elementor-element-populated\">\n\t\t\t\t\t\t<div class=\"elementor-element elementor-element-53fd4fe elementor-widget elementor-widget-heading\" data-id=\"53fd4fe\" data-element_type=\"widget\" data-e-type=\"widget\" data-widget_type=\"heading.default\">\n\t\t\t\t<div class=\"elementor-widget-container\">\n\t\t\t\t\t<h2 class=\"elementor-heading-title elementor-size-default\">Die regelm\u00e4\u00dfige Wartung Ihrer Anlage durch unsere Servicetechniker ist unser Ziel.<\/h2>\t\t\t\t<\/div>\n\t\t\t\t<\/div>\n\t\t\t\t<div class=\"elementor-element elementor-element-40ecadca elementor-widget elementor-widget-text-editor\" data-id=\"40ecadca\" data-element_type=\"widget\" data-e-type=\"widget\" data-widget_type=\"text-editor.default\">\n\t\t\t\t<div class=\"elementor-widget-container\">\n\t\t\t\t\t\t\t\t\tAlle unsere Systeme sind wartungsarm und sensorgesteuert. Unsere Systeme sind mit einem Tool zur Selbstdiagnose ausgestattet, das uns einen ersten Hinweis auf das Problem gibt (online oder per Telefon), um die Servicekosten niedrig zu halten. Die Minimierung der Kosten und die Maximierung der Systemverf\u00fcgbarkeit sind unsere Hauptziele. Im Falle eines Problems k\u00f6nnen wir es entweder online beheben oder der Servicetechniker kann Ihnen genaue Anweisungen zur Behebung des Problems geben. Wir bieten unseren Kunden verschiedene Supportstufen an, je nachdem, wie viel Unterst\u00fctzung sie ben\u00f6tigen.\t\t\t\t\t\t\t\t<\/div>\n\t\t\t\t<\/div>\n\t\t\t\t<div class=\"elementor-element elementor-element-7802f5f elementor-widget elementor-widget-heading\" data-id=\"7802f5f\" data-element_type=\"widget\" data-e-type=\"widget\" data-widget_type=\"heading.default\">\n\t\t\t\t<div class=\"elementor-widget-container\">\n\t\t\t\t\t<h3 class=\"elementor-heading-title elementor-size-default\">Wenn Sie einen Servicefall haben und\/oder an einem Serviceangebot interessiert sind, k\u00f6nnen Sie uns gerne unter service@membrapure.de kontaktieren. Unser Serviceteam wird sich in K\u00fcrze mit Ihnen in Verbindung setzen.\n<\/h3>\t\t\t\t<\/div>\n\t\t\t\t<\/div>\n\t\t\t\t\t<\/div>\n\t\t<\/div>\n\t\t\t\t<div class=\"elementor-column elementor-col-50 elementor-top-column elementor-element elementor-element-547b7f2a\" data-id=\"547b7f2a\" data-element_type=\"column\" data-e-type=\"column\">\n\t\t\t<div class=\"elementor-widget-wrap elementor-element-populated\">\n\t\t\t\t\t\t<div class=\"elementor-element elementor-element-166cdbaa elementor-widget elementor-widget-shortcode\" data-id=\"166cdbaa\" data-element_type=\"widget\" data-e-type=\"widget\" data-widget_type=\"shortcode.default\">\n\t\t\t\t<div class=\"elementor-widget-container\">\n\t\t\t\t\t\t\t<div class=\"elementor-shortcode\"><div class='fluentform ff-default fluentform_wrapper_18 ffs_default_wrap'><form data-form_id=\"18\" id=\"fluentform_18\" class=\"frm-fluent-form fluent_form_18 ff-el-form-top ff_form_instance_18_1 ff-form-loading ff_has_v3_recptcha ffs_default\" data-form_instance=\"ff_form_instance_18_1\" method=\"POST\" data-recptcha_key=\"6LcQMX0jAAAAAHDfRPb0qMYLrqUR56a7MbYSDi0y\" ><fieldset  style=\"border: none!important;margin: 0!important;padding: 0!important;background-color: transparent!important;box-shadow: none!important;outline: none!important; min-inline-size: 100%;\">\n                    <legend class=\"ff_screen_reader_title\" style=\"display: block; margin: 0!important;padding: 0!important;height: 0!important;text-indent: -999999px;width: 0!important;overflow:hidden;\">maintenance # de<\/legend><input type='hidden' name='__fluent_form_embded_post_id' value='32331' \/><input type=\"hidden\" id=\"_fluentform_18_fluentformnonce\" name=\"_fluentform_18_fluentformnonce\" value=\"5cea06d461\" \/><input type=\"hidden\" name=\"_wp_http_referer\" value=\"\/de\/wp-json\/wp\/v2\/pages\/32331\" \/><div data-type=\"name-element\" data-name=\"names\" class=\" ff-field_container ff-name-field-wrapper\" ><div class='ff-t-container'><div class='ff-t-cell '><div class='ff-el-group'><div class=\"ff-el-input--label ff-el-is-required asterisk-right\"><label for='ff_18_names_first_name_' id='label_ff_18_names_first_name_' >Vorname<\/label><\/div><div class='ff-el-input--content'><input type=\"text\" name=\"names[first_name]\" id=\"ff_18_names_first_name_\" class=\"ff-el-form-control\" placeholder=\"Vorname\" aria-invalid=\"false\" aria-required=true><\/div><\/div><\/div><div class='ff-t-cell '><div class='ff-el-group'><div class=\"ff-el-input--label ff-el-is-required asterisk-right\"><label for='ff_18_names_last_name_' id='label_ff_18_names_last_name_' >Nachname<\/label><\/div><div class='ff-el-input--content'><input type=\"text\" name=\"names[last_name]\" id=\"ff_18_names_last_name_\" class=\"ff-el-form-control\" placeholder=\"Nachname\" aria-invalid=\"false\" aria-required=true><\/div><\/div><\/div><\/div><\/div><div class='ff-el-group'><div class=\"ff-el-input--label ff-el-is-required asterisk-right\"><label for='ff_18_email' id='label_ff_18_email' aria-label=\"E-Mail\">E-Mail<\/label><\/div><div class='ff-el-input--content'><input type=\"email\" name=\"email\" id=\"ff_18_email\" class=\"ff-el-form-control\" placeholder=\"Email Address\" data-name=\"email\"  aria-invalid=\"false\" aria-required=true><\/div><\/div><div class='ff-el-group'><div class=\"ff-el-input--label ff-el-is-required asterisk-right\"><label for='ff_18_subject' id='label_ff_18_subject' aria-label=\"Land\">Land<\/label><\/div><div class='ff-el-input--content'><input type=\"text\" name=\"subject\" class=\"ff-el-form-control\" placeholder=\"Land\" data-name=\"subject\" id=\"ff_18_subject\"  aria-invalid=\"false\" aria-required=true><\/div><\/div><div class='ff-el-group'><div class=\"ff-el-input--label ff-el-is-required asterisk-right\"><label for='ff_18_subject_1' id='label_ff_18_subject_1' aria-label=\"Seriennummer des Ger\u00e4tes\">Seriennummer des Ger\u00e4tes<\/label><\/div><div class='ff-el-input--content'><input type=\"text\" name=\"subject_1\" class=\"ff-el-form-control\" placeholder=\"00.000.00\" data-name=\"subject_1\" id=\"ff_18_subject_1\"  aria-invalid=\"false\" aria-required=true><\/div><\/div><div class='ff-el-group'><div class=\"ff-el-input--label asterisk-right\"><label for='ff_18_image-upload_1' id='label_ff_18_image-upload_1' aria-label=\"Bilder hochladen\">Bilder hochladen<\/label><\/div><div class='ff-el-input--content'><label for='ff_18_image-upload_1' class='ff_file_upload_holder'><span class='ff_upload_btn ff-btn' tabindex='0'>Bilder ausw\u00e4hlen<\/span> <input type=\"file\" name=\"image-upload\" id=\"ff_18_image-upload_1\" class=\"ff-el-form-control  ff-screen-reader-element\" accept=\"image\/*\" data-name=\"image-upload\" multiple=\"1\"  aria-invalid='false' aria-required=false><\/label><\/div><\/div><div class='ff-el-group'><div class=\"ff-el-input--label ff-el-is-required asterisk-right\"><label for='ff_18_description' id='label_ff_18_description' aria-label=\"Fehlerbeschreibung und\/oder Anliegen\">Fehlerbeschreibung und\/oder Anliegen<\/label><\/div><div class='ff-el-input--content'><textarea aria-required=\"true\" aria-labelledby=\"label_ff_18_description\" name=\"description\" id=\"ff_18_description\" class=\"ff-el-form-control\" rows=\"3\" cols=\"2\" data-name=\"description\" ><\/textarea><\/div><\/div><div class='ff-el-group ff-el-form-hide_label'><div class=\"ff-el-input--label ff-el-is-required asterisk-right\"><label   aria-label=\"Datenschutz\">Datenschutz<\/label><\/div><div class='ff-el-input--content'><div class='ff-el-form-check ff-el-form-check-'><label class='ff-el-form-check-label' for='checkbox_211ab8fa15a455b6b92431eb0bf39872'><input  type=\"checkbox\" name=\"checkbox[]\" data-name=\"checkbox\" class=\"ff-el-form-check-input ff-el-form-check-checkbox\" value=\"&lt;span&gt;Hiermit best\u00e4tigen Sie, dass Sie unsere &lt;a href=&quot;\/terms-of-service&quot; target=&quot;_blank&quot;&gt;Nutzungsbedingungen &lt;\/a&gt; und &lt;a href=&quot;\/privacy-policy&quot; target=&quot;_blank&quot;&gt;Datenschutzrichtlinien&lt;\/a&gt; gelesen haben.&lt;\/span&gt;\"  id='checkbox_211ab8fa15a455b6b92431eb0bf39872' aria-label='&lt;span&gt;Hiermit best\u00e4tigen Sie, dass Sie unsere &lt;a href=&quot;\/terms-of-service&quot; target=&quot;_blank&quot;&gt;Nutzungsbedingungen &lt;\/a&gt; und &lt;a href=&quot;\/privacy-policy&quot; target=&quot;_blank&quot;&gt;Datenschutzrichtlinien&lt;\/a&gt; gelesen haben.&lt;\/span&gt;' aria-invalid='false' aria-required=true> <span><span>Hiermit best\u00e4tigen Sie, dass Sie unsere <a href=\"\/terms-of-service\" target=\"_blank\">Nutzungsbedingungen <\/a> und <a href=\"\/privacy-policy\" target=\"_blank\">Datenschutzrichtlinien<\/a> gelesen haben.<\/span><\/span><\/label><\/div><\/div><\/div><div class='ff-el-group  ff_list_inline'><div class=\"ff-el-input--label ff-el-is-required asterisk-right\"><label   aria-label=\"M\u00f6chten Sie unseren Newsletter abonnieren?\">M\u00f6chten Sie unseren Newsletter abonnieren?<\/label><\/div><div class='ff-el-input--content'><div class='ff-el-form-check ff-el-form-check-'><label class='ff-el-form-check-label' for='input_radio_bd8bb7e203ee692c577980a49639f8b6'><input  type=\"radio\" name=\"input_radio\" data-name=\"input_radio\" class=\"ff-el-form-check-input ff-el-form-check-radio\" value=\"Ja\"  id='input_radio_bd8bb7e203ee692c577980a49639f8b6' aria-label='Ja' aria-invalid='false' aria-required=true> <span>Ja<\/span><\/label><\/div><div class='ff-el-form-check ff-el-form-check-'><label class='ff-el-form-check-label' for='input_radio_12ccd4a336b1f68f292319e00cccc0b8'><input  type=\"radio\" name=\"input_radio\" data-name=\"input_radio\" class=\"ff-el-form-check-input ff-el-form-check-radio\" value=\"Nein\"  id='input_radio_12ccd4a336b1f68f292319e00cccc0b8' aria-label='Nein' aria-invalid='false' aria-required=true> <span>Nein<\/span><\/label><\/div><\/div><\/div><div class='ff-el-group ff-text-left ff_submit_btn_wrapper ff_submit_btn_wrapper_custom'><button class=\"ff-btn ff-btn-submit ff-btn-lg ff_btn_style wpf_has_custom_css\" type=\"submit\" name=\"custom_submit_button-18_1\" data-name=\"custom_submit_button-18_1\"  aria-label=\"Absenden\">Absenden<\/button><style>form.fluent_form_18 .wpf_has_custom_css.ff-btn-submit { background-color:rgba(0, 111, 183, 1);border-color:rgba(0, 111, 183, 1);color:#ffffff;border-radius:50px; }form.fluent_form_18 .wpf_has_custom_css.ff-btn-submit:hover { background-color:rgba(172, 218, 233, 1);border-color:rgba(172, 218, 233, 1);color:#006FB7;border-radius:50px; } <\/style><\/div><\/fieldset><\/form><div id='fluentform_18_errors' class='ff-errors-in-stack ff_form_instance_18_1 ff-form-loading_errors ff_form_instance_18_1_errors'><\/div><\/div>            <script type=\"text\/javascript\">\n                window.fluent_form_ff_form_instance_18_1 = {\"id\":\"18\",\"ajaxUrl\":\"https:\\\/\\\/membrapure.de\\\/wp-admin\\\/admin-ajax.php\",\"settings\":{\"layout\":{\"labelPlacement\":\"top\",\"helpMessagePlacement\":\"with_label\",\"errorMessagePlacement\":\"inline\",\"asteriskPlacement\":\"asterisk-right\"},\"id\":\"39\",\"restrictions\":{\"denyEmptySubmission\":{\"enabled\":false}}},\"form_instance\":\"ff_form_instance_18_1\",\"form_id_selector\":\"fluentform_18\",\"rules\":{\"names[first_name]\":{\"required\":{\"value\":true,\"message\":\"Dieses Feld ist erforderlich\"}},\"names[middle_name]\":{\"required\":{\"value\":false,\"message\":\"This field is required\"}},\"names[last_name]\":{\"required\":{\"value\":true,\"message\":\"Dieses Feld ist erforderlich\"}},\"email\":{\"required\":{\"value\":true,\"message\":\"Dieses Feld ist erforderlich\"},\"email\":{\"value\":false,\"message\":\"This field must contain a valid email\"}},\"subject\":{\"required\":{\"value\":true,\"message\":\"Dieses Feld ist erforderlich\"}},\"subject_1\":{\"required\":{\"value\":true,\"message\":\"Dieses Feld ist erforderlich\"}},\"image-upload\":{\"required\":{\"value\":false,\"message\":\"Dieses Feld ist erforderlich\"},\"max_file_size\":{\"value\":15728640,\"_valueFrom\":\"MB\",\"message\":\"Maximale Dateigr\\u00f6\\u00dfenbeschr\\u00e4nkung betr\\u00e4gt 15 MB\"},\"max_file_count\":{\"value\":\"10\",\"message\":\"Du kannst maximal 10 Bilder hochladen\"},\"allowed_image_types\":{\"value\":[\"jpg|jpeg\",\"png\"],\"message\":\"Erlaubte Bildtypen stimmen nicht \\u00fcberein, es ist nur JPG und PNG erlaubt\"}},\"description\":{\"required\":{\"value\":true,\"message\":\"Dieses Feld ist erforderlich\"}},\"checkbox\":{\"required\":{\"value\":true,\"message\":\"Dieses Feld ist erforderlich\"}},\"input_radio\":{\"required\":{\"value\":true,\"message\":\"Dieses Feld ist erforderlich\"}},\"g-recaptcha-response\":[]},\"debounce_time\":300};\n                                function initFFInstance_18() {\n                    if (!window.fluentFormApp) {\n                        console.log('No fluentFormApp found');\n                        return;\n                    }\n                    var ajax_formInstance = window.fluentFormApp(jQuery('form.ff_form_instance_18_1'));\n                    if (ajax_formInstance) {\n                        ajax_formInstance.initFormHandlers();\n                    }\n                }\n                \n                initFFInstance_18();\n                            <\/script>\n            <\/div>\n\t\t\t\t\t\t<\/div>\n\t\t\t\t<\/div>\n\t\t\t\t\t<\/div>\n\t\t<\/div>\n\t\t\t\t\t<\/div>\n\t\t<\/section>\n\t\t\t\t<\/div>\n\t\t","protected":false},"excerpt":{"rendered":"<p>Unser Serviceteam steht Ihnen f\u00fcr alle Servicefragen zur Verf\u00fcgung. Unsere Dienstleistungen sorgen daf\u00fcr, dass Ihre Systeme jederzeit reibungslos funktionieren. Wir bieten auch Wartung und Reparatur an. Unser Dienstleistungsangebot umfasst: Wartung und Reparatur aller Systeme (auch anderer Marken) Desinfektion von zentralen und dezentralen Wasseraufbereitungsanlagen Unterst\u00fctzung bei der IQ\/OQ-Validierung Qualifizierung der Systemparameter und Rekalibrierung Die regelm\u00e4\u00dfige Wartung [&hellip;]<\/p>\n","protected":false},"author":8,"featured_media":0,"parent":32101,"menu_order":0,"comment_status":"closed","ping_status":"closed","template":"","meta":{"footnotes":""},"class_list":["post-32331","page","type-page","status-publish","hentry"],"rttpg_featured_image_url":null,"rttpg_author":{"display_name":"Damian Strohmaier","author_link":"https:\/\/membrapure.de\/de\/author\/damian\/"},"rttpg_comment":0,"rttpg_category":" <a href=\"https:\/\/membrapure.de\/de\/?taxonomy=translation_priority&#038;term=optional-de\" rel=\"tag\">Optional<\/a>","rttpg_excerpt":"Unser Serviceteam steht Ihnen f\u00fcr alle Servicefragen zur Verf\u00fcgung. Unsere Dienstleistungen sorgen daf\u00fcr, dass Ihre Systeme jederzeit reibungslos funktionieren. Wir bieten auch Wartung und Reparatur an. Unser Dienstleistungsangebot umfasst: Wartung und Reparatur aller Systeme (auch anderer Marken) Desinfektion von zentralen und dezentralen Wasseraufbereitungsanlagen Unterst\u00fctzung bei der IQ\/OQ-Validierung Qualifizierung der Systemparameter und Rekalibrierung Die regelm\u00e4\u00dfige Wartung&hellip;","_links":{"self":[{"href":"https:\/\/membrapure.de\/de\/wp-json\/wp\/v2\/pages\/32331","targetHints":{"allow":["GET"]}}],"collection":[{"href":"https:\/\/membrapure.de\/de\/wp-json\/wp\/v2\/pages"}],"about":[{"href":"https:\/\/membrapure.de\/de\/wp-json\/wp\/v2\/types\/page"}],"author":[{"embeddable":true,"href":"https:\/\/membrapure.de\/de\/wp-json\/wp\/v2\/users\/8"}],"replies":[{"embeddable":true,"href":"https:\/\/membrapure.de\/de\/wp-json\/wp\/v2\/comments?post=32331"}],"version-history":[{"count":0,"href":"https:\/\/membrapure.de\/de\/wp-json\/wp\/v2\/pages\/32331\/revisions"}],"up":[{"embeddable":true,"href":"https:\/\/membrapure.de\/de\/wp-json\/wp\/v2\/pages\/32101"}],"wp:attachment":[{"href":"https:\/\/membrapure.de\/de\/wp-json\/wp\/v2\/media?parent=32331"}],"curies":[{"name":"wp","href":"https:\/\/api.w.org\/{rel}","templated":true}]}}