{"id":32329,"date":"2022-04-04T15:12:15","date_gmt":"2022-04-04T13:12:15","guid":{"rendered":"https:\/\/relaunch.membrapure.de\/services\/webinar\/"},"modified":"2022-07-08T23:36:03","modified_gmt":"2022-07-08T21:36:03","slug":"webinar","status":"publish","type":"page","link":"https:\/\/membrapure.de\/de\/services\/webinar\/","title":{"rendered":"Webinar"},"content":{"rendered":"<style>.elementor-32329 .elementor-element.elementor-element-39f53fc7{margin-top:0px;margin-bottom:50px;padding:30px 30px 30px 30px;}.elementor-32329 .elementor-element.elementor-element-11a7712a > .elementor-widget-container{padding:30px 30px 30px 30px;background-color:var( --e-global-color-a0b3598 );border-radius:10px 10px 10px 10px;box-shadow:0px 0px 10px 0px rgba(207, 207, 207, 0.5);}<\/style>\t\t<div data-elementor-type=\"wp-page\" data-elementor-id=\"32329\" class=\"elementor elementor-32329 elementor-32069\" data-elementor-post-type=\"page\">\n\t\t\t\t\t\t<section class=\"elementor-section elementor-top-section elementor-element elementor-element-198ae643 elementor-section-boxed elementor-section-height-default elementor-section-height-default\" data-id=\"198ae643\" data-element_type=\"section\" data-e-type=\"section\">\n\t\t\t\t\t\t<div class=\"elementor-container elementor-column-gap-default\">\n\t\t\t\t\t<div class=\"elementor-column elementor-col-100 elementor-top-column elementor-element elementor-element-12b6d7e6\" data-id=\"12b6d7e6\" data-element_type=\"column\" data-e-type=\"column\">\n\t\t\t<div class=\"elementor-widget-wrap elementor-element-populated\">\n\t\t\t\t\t\t<div class=\"elementor-element elementor-element-7397265b elementor-widget elementor-widget-heading\" data-id=\"7397265b\" data-element_type=\"widget\" data-e-type=\"widget\" data-widget_type=\"heading.default\">\n\t\t\t\t<div class=\"elementor-widget-container\">\n\t\t\t\t\t<h1 class=\"elementor-heading-title elementor-size-default\">Mit Webinaren und Online-Kursen bleiben wir in Kontakt und k\u00f6nnen auch aus der Ferne Unterst\u00fctzung bieten.<\/h1>\t\t\t\t<\/div>\n\t\t\t\t<\/div>\n\t\t\t\t<div class=\"elementor-element elementor-element-4f46f134 elementor-widget elementor-widget-text-editor\" data-id=\"4f46f134\" data-element_type=\"widget\" data-e-type=\"widget\" data-widget_type=\"text-editor.default\">\n\t\t\t\t<div class=\"elementor-widget-container\">\n\t\t\t\t\t\t\t\t\t<p>Die Webinare richten sich an unsere Partner und Distributoren, die ein oder mehrere Systeme erworben haben, aber auch an neu gewonnene Partner. Nach dem gro\u00dfen Interesse an unseren Webinaren, von denen sich viele Teilnehmer zu unseren Sitzungen angemeldet haben, m\u00f6chten wir die Webinare f\u00fcr all diejenigen wiederholen, die damals nicht teilnehmen konnten. Aber nat\u00fcrlich auch f\u00fcr diejenigen, die den Inhalt mit uns wiederholen m\u00f6chten. Es wird sicherlich auch etwas Neues geben.<\/p><p>In den einzelnen Webinaren erwerben die Teilnehmer theoretisches Wissen f\u00fcr die von ihnen vertretene Produktlinie. Dar\u00fcber hinaus werden auch Themen wie Marketing und Vertrieb behandelt.<\/p><p>Auf die Webinare folgen Live-Demos, in denen die in denen die zuvor theoretisch besprochenen Themen \u00fcber einen Live-Stream an den Ger\u00e4ten demonstriert werden.<\/p>\t\t\t\t\t\t\t\t<\/div>\n\t\t\t\t<\/div>\n\t\t\t\t\t<\/div>\n\t\t<\/div>\n\t\t\t\t\t<\/div>\n\t\t<\/section>\n\t\t\t\t<section class=\"elementor-section elementor-top-section elementor-element elementor-element-39f53fc7 elementor-section-boxed elementor-section-height-default elementor-section-height-default\" data-id=\"39f53fc7\" data-element_type=\"section\" data-e-type=\"section\" id=\"register\">\n\t\t\t\t\t\t<div class=\"elementor-container elementor-column-gap-default\">\n\t\t\t\t\t<div class=\"elementor-column elementor-col-100 elementor-top-column elementor-element elementor-element-2a8f3878\" data-id=\"2a8f3878\" data-element_type=\"column\" data-e-type=\"column\">\n\t\t\t<div class=\"elementor-widget-wrap elementor-element-populated\">\n\t\t\t\t\t\t<div class=\"elementor-element elementor-element-242965a3 elementor-widget elementor-widget-heading\" data-id=\"242965a3\" data-element_type=\"widget\" data-e-type=\"widget\" data-widget_type=\"heading.default\">\n\t\t\t\t<div class=\"elementor-widget-container\">\n\t\t\t\t\t<h2 class=\"elementor-heading-title elementor-size-default\">Haben Sie die letzten Webinare verpasst?<\/h2>\t\t\t\t<\/div>\n\t\t\t\t<\/div>\n\t\t\t\t<div class=\"elementor-element elementor-element-2915d323 elementor-widget elementor-widget-text-editor\" data-id=\"2915d323\" data-element_type=\"widget\" data-e-type=\"widget\" data-widget_type=\"text-editor.default\">\n\t\t\t\t<div class=\"elementor-widget-container\">\n\t\t\t\t\t\t\t\t\t<p>Keine Sorge, schreiben Sie uns einfach eine Nachricht an training@membrapure.de und wir organisieren einen zus\u00e4tzlichen Termin f\u00fcr Sie, Ihre Kollegen, Ihre Kunden. Wir k\u00f6nnen Ihnen auch Kurse in anderen Sprachen anbieten!<\/p><p>Deutsch, Spanisch, Portugiesisch und Bahasa<\/p><p>Ihr membraPure Team<\/p>\t\t\t\t\t\t\t\t<\/div>\n\t\t\t\t<\/div>\n\t\t\t\t<div class=\"elementor-element elementor-element-11a7712a elementor-widget elementor-widget-shortcode\" data-id=\"11a7712a\" data-element_type=\"widget\" data-e-type=\"widget\" data-widget_type=\"shortcode.default\">\n\t\t\t\t<div class=\"elementor-widget-container\">\n\t\t\t\t\t\t\t<div class=\"elementor-shortcode\"><div class='fluentform ff-default fluentform_wrapper_14 ffs_default_wrap'><form data-form_id=\"14\" id=\"fluentform_14\" class=\"frm-fluent-form fluent_form_14 ff-el-form-top ff_form_instance_14_1 ff-form-loading ff_has_v3_recptcha ffs_default\" data-form_instance=\"ff_form_instance_14_1\" method=\"POST\" data-recptcha_key=\"6LcQMX0jAAAAAHDfRPb0qMYLrqUR56a7MbYSDi0y\" ><fieldset  style=\"border: none!important;margin: 0!important;padding: 0!important;background-color: transparent!important;box-shadow: none!important;outline: none!important; min-inline-size: 100%;\">\n                    <legend class=\"ff_screen_reader_title\" style=\"display: block; margin: 0!important;padding: 0!important;height: 0!important;text-indent: -999999px;width: 0!important;overflow:hidden;\">webinar slides &amp; session # de<\/legend><input type='hidden' name='__fluent_form_embded_post_id' value='32329' \/><input type=\"hidden\" id=\"_fluentform_14_fluentformnonce\" name=\"_fluentform_14_fluentformnonce\" value=\"3f677e6858\" \/><input type=\"hidden\" name=\"_wp_http_referer\" value=\"\/de\/wp-json\/wp\/v2\/pages\/32329\" \/><div data-type=\"name-element\" data-name=\"names\" class=\" ff-field_container ff-name-field-wrapper\" ><div class='ff-t-container'><div class='ff-t-cell '><div class='ff-el-group'><div class=\"ff-el-input--label ff-el-is-required asterisk-right\"><label for='ff_14_names_first_name_' id='label_ff_14_names_first_name_' >Vorname<\/label><\/div><div class='ff-el-input--content'><input type=\"text\" name=\"names[first_name]\" id=\"ff_14_names_first_name_\" class=\"ff-el-form-control\" placeholder=\"Vorname\" aria-invalid=\"false\" aria-required=true><\/div><\/div><\/div><div class='ff-t-cell '><div class='ff-el-group'><div class=\"ff-el-input--label ff-el-is-required asterisk-right\"><label for='ff_14_names_last_name_' id='label_ff_14_names_last_name_' >Nachname<\/label><\/div><div class='ff-el-input--content'><input type=\"text\" name=\"names[last_name]\" id=\"ff_14_names_last_name_\" class=\"ff-el-form-control\" placeholder=\"Nachname\" aria-invalid=\"false\" aria-required=true><\/div><\/div><\/div><\/div><\/div><div class='ff-el-group'><div class=\"ff-el-input--label ff-el-is-required asterisk-right\"><label for='ff_14_email' id='label_ff_14_email' aria-label=\"E-Mail\">E-Mail<\/label><\/div><div class='ff-el-input--content'><input type=\"email\" name=\"email\" id=\"ff_14_email\" class=\"ff-el-form-control\" placeholder=\"E-Mail\" data-name=\"email\"  aria-invalid=\"false\" aria-required=true><\/div><\/div><div class='ff-el-group'><div class=\"ff-el-input--label ff-el-is-required asterisk-right\"><label for='ff_14_subject' id='label_ff_14_subject' aria-label=\"Land\">Land<\/label><\/div><div class='ff-el-input--content'><input type=\"text\" name=\"subject\" class=\"ff-el-form-control\" placeholder=\"Land\" data-name=\"subject\" id=\"ff_14_subject\"  aria-invalid=\"false\" aria-required=true><\/div><\/div><div class='ff-el-group'><div class=\"ff-el-input--label ff-el-is-required asterisk-right\"><label for='ff_14_dropdown' id='label_ff_14_dropdown' aria-label=\"M\u00f6chten Sie die Folien herunterladen? W\u00e4hlen Sie Ihr Webinar aus, um die Folien herunterzuladen\">M\u00f6chten Sie die Folien herunterladen? W\u00e4hlen Sie Ihr Webinar aus, um die Folien herunterzuladen<\/label><\/div><div class='ff-el-input--content'><select name=\"dropdown\" id=\"ff_14_dropdown\" class=\"ff-el-form-control\" data-name=\"dropdown\" data-calc_value=\"0\"  aria-invalid=\"false\" aria-required=\"true\" aria-labelledby=\"label_ff_14_dropdown\"><option value=\"\">- Ausw\u00e4hlen -<\/option><option value=\"Nein\"  >Nein<\/option><option value=\"Webinar Water, March 2021\"  >Webinar Water, March 2021<\/option><option value=\"Webinar TOC, March 2021\"  >Webinar TOC, March 2021<\/option><option value=\"Webinar AMINO, March 2021\"  >Webinar AMINO, March 2021<\/option><option value=\"Webinar ION, March 2021\"  >Webinar ION, March 2021<\/option><option value=\"Webinar Water, Sept 2021\"  >Webinar Water, Sept 2021<\/option><option value=\"Webinar TOC, Sept 2021\"  >Webinar TOC, Sept 2021<\/option><option value=\"Webinar, Hartmann products Mar 2022\"  >Webinar, Hartmann products Mar 2022<\/option><option value=\"Webinar, AMINO, May, 2022\"  >Webinar, AMINO, May, 2022<\/option><option value=\"Webinar, miniTOC\u00b2, Nov 2024\"  >Webinar, miniTOC\u00b2, Nov 2024<\/option><\/select><\/div><\/div><div class='ff-el-group'><div class=\"ff-el-input--label ff-el-is-required asterisk-right\"><label for='ff_14_dropdown_1' id='label_ff_14_dropdown_1' aria-label=\"M\u00f6chten Sie Zugriff auf aufgezeichnete Sitzungen? W\u00e4hlen Sie Ihr Webinar aus, um Zugang zu den aufgezeichneten Webinaren zu erhalten\">M\u00f6chten Sie Zugriff auf aufgezeichnete Sitzungen? W\u00e4hlen Sie Ihr Webinar aus, um Zugang zu den aufgezeichneten Webinaren zu erhalten<\/label><\/div><div class='ff-el-input--content'><select name=\"dropdown_1\" id=\"ff_14_dropdown_1\" class=\"ff-el-form-control\" data-name=\"dropdown_1\" data-calc_value=\"0\"  aria-invalid=\"false\" aria-required=\"true\" aria-labelledby=\"label_ff_14_dropdown_1\"><option value=\"\">- Ausw\u00e4hlen -<\/option><option value=\"Nein\"  >Nein<\/option><option value=\"Record, Webinar, Water, March 2021\"  >Record, Webinar, Water, March 2021<\/option><option value=\"Record, Webinar, TOC, March 2021\"  >Record, Webinar, TOC, March 2021<\/option><option value=\"Record, Webinar, AMINO, March 2021\"  >Record, Webinar, AMINO, March 2021<\/option><option value=\"Record, Webinar, ION, March 2021\"  >Record, Webinar, ION, March 2021<\/option><option value=\"Record, Webinar, Water, September 2021\"  >Record, Webinar, Water, September 2021<\/option><option value=\"Record, Webinar, TOC, September 2021\"  >Record, Webinar, TOC, September 2021<\/option><option value=\"Record, Webinar, Hartmann products, March 2021\"  >Record, Webinar, Hartmann products, March 2021<\/option><option value=\"Record, Webinar AMINO May, 2022\"  >Record, Webinar AMINO May, 2022<\/option><option value=\"Record Webinar, miniTOC\u00b2, Nov 2024\"  >Record Webinar, miniTOC\u00b2, Nov 2024<\/option><\/select><\/div><\/div><div class='ff-el-group  ff_list_inline'><div class=\"ff-el-input--label ff-el-is-required asterisk-right\"><label   aria-label=\"M\u00f6chten Sie unseren Newsletter abonnieren?\">M\u00f6chten Sie unseren Newsletter abonnieren?<\/label><\/div><div class='ff-el-input--content'><div class='ff-el-form-check ff-el-form-check-'><label class='ff-el-form-check-label' for='input_radio_2_c6cdd77b4e3be05cffdb3b5a71d555b7'><input  type=\"radio\" name=\"input_radio_2\" data-name=\"input_radio_2\" class=\"ff-el-form-check-input ff-el-form-check-radio\" value=\"Ja\"  id='input_radio_2_c6cdd77b4e3be05cffdb3b5a71d555b7' aria-label='Ja' aria-invalid='false' aria-required=true> <span>Ja<\/span><\/label><\/div><div class='ff-el-form-check ff-el-form-check-'><label class='ff-el-form-check-label' for='input_radio_2_7b5c0def4f066c20780ffad5076df770'><input  type=\"radio\" name=\"input_radio_2\" data-name=\"input_radio_2\" class=\"ff-el-form-check-input ff-el-form-check-radio\" value=\"Nein\"  id='input_radio_2_7b5c0def4f066c20780ffad5076df770' aria-label='Nein' aria-invalid='false' aria-required=true> <span>Nein<\/span><\/label><\/div><\/div><\/div><div class='ff-el-group ff-el-form-hide_label'><div class=\"ff-el-input--label ff-el-is-required asterisk-right\"><label   aria-label=\"Datenschutz\">Datenschutz<\/label><\/div><div class='ff-el-input--content'><div class='ff-el-form-check ff-el-form-check-'><label class='ff-el-form-check-label' for='checkbox_2_f8bd6c784aa8b09040c1cd4a9000f8a6'><input  type=\"checkbox\" name=\"checkbox_2[]\" data-name=\"checkbox_2\" class=\"ff-el-form-check-input ff-el-form-check-checkbox\" value=\"&lt;span&gt;Hiermit best\u00e4tigen Sie, dass Sie unsere &lt;a href=&quot;\/terms-of-service&quot; target=&quot;_blank&quot;&gt;Nutzungsbedingungen &lt;\/a&gt; und &lt;a href=&quot;\/privacy-policy&quot; target=&quot;_blank&quot;&gt;Datenschutzrichtlinien&lt;\/a&gt; gelesen haben.&lt;\/span&gt;\"  id='checkbox_2_f8bd6c784aa8b09040c1cd4a9000f8a6' aria-label='&lt;span&gt;Hiermit best\u00e4tigen Sie, dass Sie unsere &lt;a href=&quot;\/terms-of-service&quot; target=&quot;_blank&quot;&gt;Nutzungsbedingungen &lt;\/a&gt; und &lt;a href=&quot;\/privacy-policy&quot; target=&quot;_blank&quot;&gt;Datenschutzrichtlinien&lt;\/a&gt; gelesen haben.&lt;\/span&gt;' aria-invalid='false' aria-required=true> <span><span>Hiermit best\u00e4tigen Sie, dass Sie unsere <a href=\"\/terms-of-service\" target=\"_blank\">Nutzungsbedingungen <\/a> und <a href=\"\/privacy-policy\" target=\"_blank\">Datenschutzrichtlinien<\/a> gelesen haben.<\/span><\/span><\/label><\/div><\/div><\/div><div class='ff-el-group ff-text-left ff_submit_btn_wrapper ff_submit_btn_wrapper_custom'><button class=\"ff-btn ff-btn-submit ff-btn-lg ff_btn_style wpf_has_custom_css\" type=\"submit\" name=\"custom_submit_button-14_1\" data-name=\"custom_submit_button-14_1\"  aria-label=\"Absenden\">Absenden<\/button><style>form.fluent_form_14 .wpf_has_custom_css.ff-btn-submit { background-color:rgba(0, 111, 183, 1);border-color:rgba(0, 111, 183, 1);color:#ffffff;border-radius:50px; }form.fluent_form_14 .wpf_has_custom_css.ff-btn-submit:hover { background-color:rgba(172, 218, 233, 1);border-color:rgba(172, 218, 233, 1);color:#006FB7;border-radius:50px; } <\/style><\/div><\/fieldset><\/form><div id='fluentform_14_errors' class='ff-errors-in-stack ff_form_instance_14_1 ff-form-loading_errors ff_form_instance_14_1_errors'><\/div><\/div>            <script type=\"text\/javascript\">\n                window.fluent_form_ff_form_instance_14_1 = {\"id\":\"14\",\"ajaxUrl\":\"https:\\\/\\\/membrapure.de\\\/wp-admin\\\/admin-ajax.php\",\"settings\":{\"layout\":{\"labelPlacement\":\"top\",\"helpMessagePlacement\":\"with_label\",\"errorMessagePlacement\":\"inline\",\"asteriskPlacement\":\"asterisk-right\"},\"id\":\"39\",\"restrictions\":{\"denyEmptySubmission\":{\"enabled\":false}}},\"form_instance\":\"ff_form_instance_14_1\",\"form_id_selector\":\"fluentform_14\",\"rules\":{\"names[first_name]\":{\"required\":{\"value\":true,\"message\":\"Dieses Feld ist erforderlich\",\"global\":false,\"global_message\":\"Dieses Feld ist erforderlich\"}},\"names[middle_name]\":{\"required\":{\"value\":false,\"message\":\"This field is required\",\"global\":false,\"global_message\":\"Dieses Feld ist erforderlich\"}},\"names[last_name]\":{\"required\":{\"value\":true,\"message\":\"Dieses Feld ist erforderlich\",\"global\":false,\"global_message\":\"Dieses Feld ist erforderlich\"}},\"email\":{\"required\":{\"value\":true,\"message\":\"Dieses Feld ist erforderlich\",\"global\":false,\"global_message\":\"Dieses Feld ist erforderlich\"},\"email\":{\"value\":false,\"message\":\"This field must contain a valid email\",\"global\":false,\"global_message\":\"Dieses Feld muss eine g\\u00fcltige E-Mail-Adresse enthalten\"}},\"subject\":{\"required\":{\"value\":true,\"message\":\"Dieses Feld ist erforderlich\",\"global\":false,\"global_message\":\"Dieses Feld ist erforderlich\"}},\"dropdown\":{\"required\":{\"value\":true,\"message\":\"Dieses Feld ist erforderlich\",\"global\":false,\"global_message\":\"Dieses Feld ist erforderlich\"}},\"dropdown_1\":{\"required\":{\"value\":true,\"message\":\"Dieses Feld ist erforderlich\",\"global\":false,\"global_message\":\"Dieses Feld ist erforderlich\"}},\"input_radio_2\":{\"required\":{\"value\":true,\"message\":\"Dieses Feld ist erforderlich\",\"global\":false,\"global_message\":\"Dieses Feld ist erforderlich\"}},\"checkbox_2\":{\"required\":{\"value\":true,\"message\":\"Dieses Feld ist erforderlich\",\"global\":false,\"global_message\":\"Dieses Feld ist erforderlich\"}},\"g-recaptcha-response\":[]},\"debounce_time\":300};\n                                function initFFInstance_14() {\n                    if (!window.fluentFormApp) {\n                        console.log('No fluentFormApp found');\n                        return;\n                    }\n                    var ajax_formInstance = window.fluentFormApp(jQuery('form.ff_form_instance_14_1'));\n                    if (ajax_formInstance) {\n                        ajax_formInstance.initFormHandlers();\n                    }\n                }\n                \n                initFFInstance_14();\n                            <\/script>\n            <\/div>\n\t\t\t\t\t\t<\/div>\n\t\t\t\t<\/div>\n\t\t\t\t\t<\/div>\n\t\t<\/div>\n\t\t\t\t\t<\/div>\n\t\t<\/section>\n\t\t\t\t<\/div>\n\t\t","protected":false},"excerpt":{"rendered":"<p>Mit Webinaren und Online-Kursen bleiben wir in Kontakt und k\u00f6nnen auch aus der Ferne Unterst\u00fctzung bieten. Die Webinare richten sich an unsere Partner und Distributoren, die ein oder mehrere Systeme erworben haben, aber auch an neu gewonnene Partner. Nach dem gro\u00dfen Interesse an unseren Webinaren, von denen sich viele Teilnehmer zu unseren Sitzungen angemeldet haben, [&hellip;]<\/p>\n","protected":false},"author":8,"featured_media":0,"parent":32101,"menu_order":0,"comment_status":"closed","ping_status":"closed","template":"","meta":{"footnotes":""},"class_list":["post-32329","page","type-page","status-publish","hentry"],"rttpg_featured_image_url":null,"rttpg_author":{"display_name":"Damian Strohmaier","author_link":"https:\/\/membrapure.de\/de\/author\/damian\/"},"rttpg_comment":0,"rttpg_category":" <a href=\"https:\/\/membrapure.de\/de\/?taxonomy=translation_priority&#038;term=optional-de\" rel=\"tag\">Optional<\/a>","rttpg_excerpt":"Mit Webinaren und Online-Kursen bleiben wir in Kontakt und k\u00f6nnen auch aus der Ferne Unterst\u00fctzung bieten. Die Webinare richten sich an unsere Partner und Distributoren, die ein oder mehrere Systeme erworben haben, aber auch an neu gewonnene Partner. Nach dem gro\u00dfen Interesse an unseren Webinaren, von denen sich viele Teilnehmer zu unseren Sitzungen angemeldet haben,&hellip;","_links":{"self":[{"href":"https:\/\/membrapure.de\/de\/wp-json\/wp\/v2\/pages\/32329","targetHints":{"allow":["GET"]}}],"collection":[{"href":"https:\/\/membrapure.de\/de\/wp-json\/wp\/v2\/pages"}],"about":[{"href":"https:\/\/membrapure.de\/de\/wp-json\/wp\/v2\/types\/page"}],"author":[{"embeddable":true,"href":"https:\/\/membrapure.de\/de\/wp-json\/wp\/v2\/users\/8"}],"replies":[{"embeddable":true,"href":"https:\/\/membrapure.de\/de\/wp-json\/wp\/v2\/comments?post=32329"}],"version-history":[{"count":0,"href":"https:\/\/membrapure.de\/de\/wp-json\/wp\/v2\/pages\/32329\/revisions"}],"up":[{"embeddable":true,"href":"https:\/\/membrapure.de\/de\/wp-json\/wp\/v2\/pages\/32101"}],"wp:attachment":[{"href":"https:\/\/membrapure.de\/de\/wp-json\/wp\/v2\/media?parent=32329"}],"curies":[{"name":"wp","href":"https:\/\/api.w.org\/{rel}","templated":true}]}}