{"id":31937,"date":"2022-03-28T11:07:44","date_gmt":"2022-03-28T09:07:44","guid":{"rendered":"https:\/\/relaunch.membrapure.de\/schulungen\/"},"modified":"2022-07-08T23:31:31","modified_gmt":"2022-07-08T21:31:31","slug":"schulungen","status":"publish","type":"page","link":"https:\/\/membrapure.de\/de\/services\/schulungen\/","title":{"rendered":"Training"},"content":{"rendered":"<style>.elementor-31937 .elementor-element.elementor-element-1ddd0774{margin-top:0px;margin-bottom:50px;padding:30px 30px 30px 30px;}.elementor-31937 .elementor-element.elementor-element-256fd31c > .elementor-widget-container{padding:30px 30px 30px 30px;background-color:var( --e-global-color-a0b3598 );border-radius:10px 10px 10px 10px;box-shadow:0px 0px 10px 0px rgba(207, 207, 207, 0.5);}<\/style>\t\t<div data-elementor-type=\"wp-page\" data-elementor-id=\"31937\" class=\"elementor elementor-31937 elementor-12518\" data-elementor-post-type=\"page\">\n\t\t\t\t\t\t<section class=\"elementor-section elementor-top-section elementor-element elementor-element-710b378d elementor-section-boxed elementor-section-height-default elementor-section-height-default\" data-id=\"710b378d\" data-element_type=\"section\" data-e-type=\"section\">\n\t\t\t\t\t\t<div class=\"elementor-container elementor-column-gap-default\">\n\t\t\t\t\t<div class=\"elementor-column elementor-col-100 elementor-top-column elementor-element elementor-element-3a78af32\" data-id=\"3a78af32\" data-element_type=\"column\" data-e-type=\"column\">\n\t\t\t<div class=\"elementor-widget-wrap elementor-element-populated\">\n\t\t\t\t\t\t<div class=\"elementor-element elementor-element-15e64b5e elementor-widget elementor-widget-heading\" data-id=\"15e64b5e\" data-element_type=\"widget\" data-e-type=\"widget\" data-widget_type=\"heading.default\">\n\t\t\t\t<div class=\"elementor-widget-container\">\n\t\t\t\t\t<h1 class=\"elementor-heading-title elementor-size-default\">Mit Webinaren und Online-Kursen bleiben wir in Kontakt und k\u00f6nnen auch aus der Ferne Unterst\u00fctzung bieten.<\/h1>\t\t\t\t<\/div>\n\t\t\t\t<\/div>\n\t\t\t\t<div class=\"elementor-element elementor-element-844f9d9 elementor-widget elementor-widget-text-editor\" data-id=\"844f9d9\" data-element_type=\"widget\" data-e-type=\"widget\" data-widget_type=\"text-editor.default\">\n\t\t\t\t<div class=\"elementor-widget-container\">\n\t\t\t\t\t\t\t\t\t<p>Die Webinare richten sich an unsere Partner und Distributoren, die ein oder mehrere Systeme erworben haben, aber auch an neu gewonnene Partner. Nach dem gro\u00dfen Interesse an unseren Webinaren, von denen sich viele Teilnehmer zu unseren Sitzungen angemeldet haben, m\u00f6chten wir die Webinare f\u00fcr all diejenigen wiederholen, die damals nicht teilnehmen konnten. Aber nat\u00fcrlich auch f\u00fcr diejenigen, die den Inhalt mit uns wiederholen m\u00f6chten. Es wird sicherlich auch etwas Neues geben.<\/p><p>In den einzelnen Webinaren erwerben die Teilnehmer theoretisches Wissen f\u00fcr die von ihnen vertretene Produktlinie. Dar\u00fcber hinaus werden auch Themen wie Marketing und Vertrieb behandelt.<\/p><p>Auf die Webinare folgen Live-Demos, in denen die in denen die zuvor theoretisch besprochenen Themen \u00fcber einen Live-Stream an den Ger\u00e4ten demonstriert werden.<\/p>\t\t\t\t\t\t\t\t<\/div>\n\t\t\t\t<\/div>\n\t\t\t\t\t<\/div>\n\t\t<\/div>\n\t\t\t\t\t<\/div>\n\t\t<\/section>\n\t\t\t\t<section class=\"elementor-section elementor-top-section elementor-element elementor-element-1ddd0774 elementor-section-boxed elementor-section-height-default elementor-section-height-default\" data-id=\"1ddd0774\" data-element_type=\"section\" data-e-type=\"section\" id=\"register\">\n\t\t\t\t\t\t<div class=\"elementor-container elementor-column-gap-default\">\n\t\t\t\t\t<div class=\"elementor-column elementor-col-100 elementor-top-column elementor-element elementor-element-2f61aadf\" data-id=\"2f61aadf\" data-element_type=\"column\" data-e-type=\"column\">\n\t\t\t<div class=\"elementor-widget-wrap elementor-element-populated\">\n\t\t\t\t\t\t<div class=\"elementor-element elementor-element-5f777289 elementor-widget elementor-widget-heading\" data-id=\"5f777289\" data-element_type=\"widget\" data-e-type=\"widget\" data-widget_type=\"heading.default\">\n\t\t\t\t<div class=\"elementor-widget-container\">\n\t\t\t\t\t<h2 class=\"elementor-heading-title elementor-size-default\">Fordern Sie ein Training an!<\/h2>\t\t\t\t<\/div>\n\t\t\t\t<\/div>\n\t\t\t\t<div class=\"elementor-element elementor-element-86eace1 elementor-widget elementor-widget-text-editor\" data-id=\"86eace1\" data-element_type=\"widget\" data-e-type=\"widget\" data-widget_type=\"text-editor.default\">\n\t\t\t\t<div class=\"elementor-widget-container\">\n\t\t\t\t\t\t\t\t\t<p>Sie ben\u00f6tigen ein online Training f\u00fcr eine bestimmte Produktgruppe? Bitte verwenden Sie das folgende Formular, um eine Schulung anzufordern, an der Sie interessiert sind. Wir werden Ihnen eine Email mit weiteren Informationen senden.<\/p>\t\t\t\t\t\t\t\t<\/div>\n\t\t\t\t<\/div>\n\t\t\t\t<div class=\"elementor-element elementor-element-256fd31c elementor-widget elementor-widget-shortcode\" data-id=\"256fd31c\" data-element_type=\"widget\" data-e-type=\"widget\" data-widget_type=\"shortcode.default\">\n\t\t\t\t<div class=\"elementor-widget-container\">\n\t\t\t\t\t\t\t<div class=\"elementor-shortcode\"><div class='fluentform ff-default fluentform_wrapper_12 ffs_default_wrap'><form data-form_id=\"12\" id=\"fluentform_12\" class=\"frm-fluent-form fluent_form_12 ff-el-form-top ff_form_instance_12_1 ff-form-loading ff_has_v3_recptcha ffs_default\" data-form_instance=\"ff_form_instance_12_1\" method=\"POST\" data-recptcha_key=\"6LcQMX0jAAAAAHDfRPb0qMYLrqUR56a7MbYSDi0y\" ><fieldset  style=\"border: none!important;margin: 0!important;padding: 0!important;background-color: transparent!important;box-shadow: none!important;outline: none!important; min-inline-size: 100%;\">\n                    <legend class=\"ff_screen_reader_title\" style=\"display: block; margin: 0!important;padding: 0!important;height: 0!important;text-indent: -999999px;width: 0!important;overflow:hidden;\">register webinar # de<\/legend><input type='hidden' name='__fluent_form_embded_post_id' value='31937' \/><input type=\"hidden\" id=\"_fluentform_12_fluentformnonce\" name=\"_fluentform_12_fluentformnonce\" value=\"602bfbfbad\" \/><input type=\"hidden\" name=\"_wp_http_referer\" value=\"\/de\/wp-json\/wp\/v2\/pages\/31937\" \/><div data-type=\"name-element\" data-name=\"names\" class=\" ff-field_container ff-name-field-wrapper\" ><div class='ff-t-container'><div class='ff-t-cell '><div class='ff-el-group'><div class=\"ff-el-input--label ff-el-is-required asterisk-right\"><label for='ff_12_names_first_name_' id='label_ff_12_names_first_name_' >Vorname<\/label><\/div><div class='ff-el-input--content'><input type=\"text\" name=\"names[first_name]\" id=\"ff_12_names_first_name_\" class=\"ff-el-form-control\" placeholder=\"Vorname\" aria-invalid=\"false\" aria-required=true><\/div><\/div><\/div><div class='ff-t-cell '><div class='ff-el-group'><div class=\"ff-el-input--label ff-el-is-required asterisk-right\"><label for='ff_12_names_last_name_' id='label_ff_12_names_last_name_' >Nachname<\/label><\/div><div class='ff-el-input--content'><input type=\"text\" name=\"names[last_name]\" id=\"ff_12_names_last_name_\" class=\"ff-el-form-control\" placeholder=\"Nachname\" aria-invalid=\"false\" aria-required=true><\/div><\/div><\/div><\/div><\/div><div class='ff-el-group'><div class=\"ff-el-input--label ff-el-is-required asterisk-right\"><label for='ff_12_email' id='label_ff_12_email' aria-label=\"E-Mail\">E-Mail<\/label><\/div><div class='ff-el-input--content'><input type=\"email\" name=\"email\" id=\"ff_12_email\" class=\"ff-el-form-control\" placeholder=\"E-Mail\" data-name=\"email\"  aria-invalid=\"false\" aria-required=true><\/div><\/div><div class='ff-el-group'><div class=\"ff-el-input--label ff-el-is-required asterisk-right\"><label for='ff_12_subject' id='label_ff_12_subject' aria-label=\"Land\">Land<\/label><\/div><div class='ff-el-input--content'><input type=\"text\" name=\"subject\" class=\"ff-el-form-control\" placeholder=\"Land\" data-name=\"subject\" id=\"ff_12_subject\"  aria-invalid=\"false\" aria-required=true><\/div><\/div><div class='ff-el-group'><div class=\"ff-el-input--label ff-el-is-required asterisk-right\"><label for='ff_12_dropdown' id='label_ff_12_dropdown' aria-label=\"Produkt ausw\u00e4hlen\">Produkt ausw\u00e4hlen<\/label><\/div><div class='ff-el-input--content'><select name=\"dropdown\" id=\"ff_12_dropdown\" class=\"ff-el-form-control\" data-name=\"dropdown\" data-calc_value=\"0\"  aria-invalid=\"false\" aria-required=\"true\" aria-labelledby=\"label_ff_12_dropdown\"><option value=\"\">- Ausw\u00e4hlen -<\/option><option value=\"Water Purification Systems\"  >Water Purification Systems<\/option><option value=\"TOC Analyzer miniTOC\"  >TOC Analyzer miniTOC<\/option><option value=\"TOC Analyzer uniTOC\"  >TOC Analyzer uniTOC<\/option><option value=\"Amio Acid Analyzer ARACUS\"  >Amio Acid Analyzer ARACUS<\/option><option value=\"Ion Chromatograph IONUS\"  >Ion Chromatograph IONUS<\/option><\/select><\/div><\/div><div class='ff-el-group ff-el-form-hide_label'><div class=\"ff-el-input--label ff-el-is-required asterisk-right\"><label   aria-label=\"Privacy\">Privacy<\/label><\/div><div class='ff-el-input--content'><div class='ff-el-form-check ff-el-form-check-'><label class='ff-el-form-check-label' for='checkbox_db80c052268fc488a3e72d84817af1a6'><input  type=\"checkbox\" name=\"checkbox[]\" data-name=\"checkbox\" class=\"ff-el-form-check-input ff-el-form-check-checkbox\" value=\"&lt;span&gt;Hiermit best\u00e4tigen Sie, dass Sie unsere &lt;a href=&quot;\/terms-of-service&quot; target=&quot;_blank&quot;&gt;Nutzungsbedingungen &lt;\/a&gt; und &lt;a href=&quot;\/privacy-policy&quot; target=&quot;_blank&quot;&gt;Datenschutzrichtlinien&lt;\/a&gt; gelesen haben.&lt;\/span&gt;\"  id='checkbox_db80c052268fc488a3e72d84817af1a6' aria-label='&lt;span&gt;Hiermit best\u00e4tigen Sie, dass Sie unsere &lt;a href=&quot;\/terms-of-service&quot; target=&quot;_blank&quot;&gt;Nutzungsbedingungen &lt;\/a&gt; und &lt;a href=&quot;\/privacy-policy&quot; target=&quot;_blank&quot;&gt;Datenschutzrichtlinien&lt;\/a&gt; gelesen haben.&lt;\/span&gt;' aria-invalid='false' aria-required=true> <span><span>Hiermit best\u00e4tigen Sie, dass Sie unsere <a href=\"\/terms-of-service\" target=\"_blank\">Nutzungsbedingungen <\/a> und <a href=\"\/privacy-policy\" target=\"_blank\">Datenschutzrichtlinien<\/a> gelesen haben.<\/span><\/span><\/label><\/div><\/div><\/div><div class='ff-el-group  ff_list_inline'><div class=\"ff-el-input--label ff-el-is-required asterisk-right\"><label   aria-label=\"M\u00f6chten Sie unseren Newsletter abonnieren?\">M\u00f6chten Sie unseren Newsletter abonnieren?<\/label><\/div><div class='ff-el-input--content'><div class='ff-el-form-check ff-el-form-check-'><label class='ff-el-form-check-label' for='input_radio_1f32ae5a46ad3738a3eb7d48d567fd53'><input  type=\"radio\" name=\"input_radio\" data-name=\"input_radio\" class=\"ff-el-form-check-input ff-el-form-check-radio\" value=\"Ja\"  id='input_radio_1f32ae5a46ad3738a3eb7d48d567fd53' aria-label='Ja' aria-invalid='false' aria-required=true> <span>Ja<\/span><\/label><\/div><div class='ff-el-form-check ff-el-form-check-'><label class='ff-el-form-check-label' for='input_radio_b98d854574c58902c2f53607c611fe14'><input  type=\"radio\" name=\"input_radio\" data-name=\"input_radio\" class=\"ff-el-form-check-input ff-el-form-check-radio\" value=\"Nein\"  id='input_radio_b98d854574c58902c2f53607c611fe14' aria-label='Nein' aria-invalid='false' aria-required=true> <span>Nein<\/span><\/label><\/div><\/div><\/div><div class='ff-el-group ff-text-left ff_submit_btn_wrapper ff_submit_btn_wrapper_custom'><button class=\"ff-btn ff-btn-submit ff-btn-lg ff_btn_style wpf_has_custom_css\" type=\"submit\" name=\"custom_submit_button-12_1\" data-name=\"custom_submit_button-12_1\"  aria-label=\"Absenden\">Absenden<\/button><style>form.fluent_form_12 .wpf_has_custom_css.ff-btn-submit { background-color:rgba(0, 111, 183, 1);border-color:rgba(0, 111, 183, 1);color:#ffffff;border-radius:50px; }form.fluent_form_12 .wpf_has_custom_css.ff-btn-submit:hover { background-color:rgba(172, 218, 233, 1);border-color:rgba(172, 218, 233, 1);color:#006FB7;border-radius:50px; } <\/style><\/div><\/fieldset><\/form><div id='fluentform_12_errors' class='ff-errors-in-stack ff_form_instance_12_1 ff-form-loading_errors ff_form_instance_12_1_errors'><\/div><\/div>            <script type=\"text\/javascript\">\n                window.fluent_form_ff_form_instance_12_1 = {\"id\":\"12\",\"settings\":{\"layout\":{\"labelPlacement\":\"top\",\"helpMessagePlacement\":\"with_label\",\"errorMessagePlacement\":\"inline\",\"asteriskPlacement\":\"asterisk-right\"},\"id\":\"39\",\"restrictions\":{\"denyEmptySubmission\":{\"enabled\":false}}},\"form_instance\":\"ff_form_instance_12_1\",\"form_id_selector\":\"fluentform_12\",\"rules\":{\"names[first_name]\":{\"required\":{\"value\":true,\"message\":\"Dieses Feld ist erforderlich\"}},\"names[middle_name]\":{\"required\":{\"value\":false,\"message\":\"This field is required\"}},\"names[last_name]\":{\"required\":{\"value\":true,\"message\":\"Dieses Feld ist erforderlich\"}},\"email\":{\"required\":{\"value\":true,\"message\":\"Dieses Feld ist erforderlich\"},\"email\":{\"value\":false,\"message\":\"This field must contain a valid email\"}},\"subject\":{\"required\":{\"value\":true,\"message\":\"Dieses Feld ist erforderlich\"}},\"dropdown\":{\"required\":{\"value\":true,\"message\":\"Dieses Feld ist erforderlich\"}},\"checkbox\":{\"required\":{\"value\":true,\"message\":\"Dieses Feld ist erforderlich\"}},\"input_radio\":{\"required\":{\"value\":true,\"message\":\"Dieses Feld ist erforderlich\"}},\"g-recaptcha-response\":[]},\"debounce_time\":300};\n                                function initFFInstance_12() {\n                    if (!window.fluentFormApp) {\n                        console.log('No fluentFormApp found');\n                        return;\n                    }\n                    var ajax_formInstance = window.fluentFormApp(jQuery('form.ff_form_instance_12_1'));\n                    if (ajax_formInstance) {\n                        ajax_formInstance.initFormHandlers();\n                    }\n                }\n                \n                initFFInstance_12();\n                            <\/script>\n            <\/div>\n\t\t\t\t\t\t<\/div>\n\t\t\t\t<\/div>\n\t\t\t\t\t<\/div>\n\t\t<\/div>\n\t\t\t\t\t<\/div>\n\t\t<\/section>\n\t\t\t\t<\/div>\n\t\t","protected":false},"excerpt":{"rendered":"<p>Mit Webinaren und Online-Kursen bleiben wir in Kontakt und k\u00f6nnen auch aus der Ferne Unterst\u00fctzung bieten. Die Webinare richten sich an unsere Partner und Distributoren, die ein oder mehrere Systeme erworben haben, aber auch an neu gewonnene Partner. Nach dem gro\u00dfen Interesse an unseren Webinaren, von denen sich viele Teilnehmer zu unseren Sitzungen angemeldet haben, [&hellip;]<\/p>\n","protected":false},"author":8,"featured_media":0,"parent":32101,"menu_order":0,"comment_status":"closed","ping_status":"closed","template":"","meta":{"footnotes":""},"class_list":["post-31937","page","type-page","status-publish","hentry"],"rttpg_featured_image_url":null,"rttpg_author":{"display_name":"Damian Strohmaier","author_link":"https:\/\/membrapure.de\/de\/author\/damian\/"},"rttpg_comment":0,"rttpg_category":" <a href=\"https:\/\/membrapure.de\/de\/?taxonomy=translation_priority&#038;term=optional-de\" rel=\"tag\">Optional<\/a>","rttpg_excerpt":"Mit Webinaren und Online-Kursen bleiben wir in Kontakt und k\u00f6nnen auch aus der Ferne Unterst\u00fctzung bieten. Die Webinare richten sich an unsere Partner und Distributoren, die ein oder mehrere Systeme erworben haben, aber auch an neu gewonnene Partner. Nach dem gro\u00dfen Interesse an unseren Webinaren, von denen sich viele Teilnehmer zu unseren Sitzungen angemeldet haben,&hellip;","_links":{"self":[{"href":"https:\/\/membrapure.de\/de\/wp-json\/wp\/v2\/pages\/31937","targetHints":{"allow":["GET"]}}],"collection":[{"href":"https:\/\/membrapure.de\/de\/wp-json\/wp\/v2\/pages"}],"about":[{"href":"https:\/\/membrapure.de\/de\/wp-json\/wp\/v2\/types\/page"}],"author":[{"embeddable":true,"href":"https:\/\/membrapure.de\/de\/wp-json\/wp\/v2\/users\/8"}],"replies":[{"embeddable":true,"href":"https:\/\/membrapure.de\/de\/wp-json\/wp\/v2\/comments?post=31937"}],"version-history":[{"count":0,"href":"https:\/\/membrapure.de\/de\/wp-json\/wp\/v2\/pages\/31937\/revisions"}],"up":[{"embeddable":true,"href":"https:\/\/membrapure.de\/de\/wp-json\/wp\/v2\/pages\/32101"}],"wp:attachment":[{"href":"https:\/\/membrapure.de\/de\/wp-json\/wp\/v2\/media?parent=31937"}],"curies":[{"name":"wp","href":"https:\/\/api.w.org\/{rel}","templated":true}]}}